{"id":4186,"date":"2022-09-16T16:34:44","date_gmt":"2022-09-16T14:34:44","guid":{"rendered":"https:\/\/gnosissuisse.ch\/?page_id=4186"},"modified":"2022-10-30T18:56:04","modified_gmt":"2022-10-30T16:56:04","slug":"informativa-sulla-privacy","status":"publish","type":"page","link":"https:\/\/gnosissuisse.ch\/it\/informativa-sulla-privacy\/","title":{"rendered":"Informativa sulla privacy"},"content":{"rendered":"<p>Chi \u00e8 il responsabile del trattamento dei dati?<\/p>\n\n\n\n<p>Il RESPONSABILE DEL TRATTAMENTO DEI DATI \u00e8:<\/p>\n\n\n\n<p><strong>Titolo <\/strong>: Federazione Culturale Gnostica Samael Aun Weor della Svizzera<\/p>\n\n\n\n<p><strong>Indirizzo <\/strong>Ginevra, 41 Avenue du Lignon, 1\u00b0 piano, 1219 Le Lignon\/Ginevra<\/p>\n\n\n\n<p><strong>E-mail <\/strong>: <a href=\"mailto:gnosis@gnosisitalia.eu\"><a href=\"mailto:gnosis@gnosisitalia.eu\">info@gnosissuisse.ch<\/a><\/a><\/p>\n\n\n\n<p>QUALI TIPI DI DATI TRATTIAMO?<\/p>\n\n\n\n<p>A seconda dei prodotti, dei servizi o delle funzionalit\u00e0 che desidera utilizzare in un determinato momento, potremmo essere tenuti a trattare alcuni dati piuttosto che altri. In generale, tali dati saranno, a seconda dei casi, i seguenti:<\/p>\n\n\n\n<p>I Suoi dati identificativi (ad esempio, nome, cognome, lingua, Paese da cui interagisce con noi, recapiti, ecc.)<\/p>\n\n\n\n<p>Dati di connessione, geolocalizzazione e navigazione (nel caso in cui interagisca con noi dal suo telefono cellulare, ad esempio).<\/p>\n\n\n\n<p>Informazioni sui loro gusti e preferenze.<\/p>\n\n\n\n<p>Si prega di notare che quando richiediamo l'inserimento dei dati personali per consentire l'accesso a una funzionalit\u00e0 o a un servizio del sito web, alcuni campi sono contrassegnati come obbligatori, poich\u00e9 si tratta di dati necessari per fornire il servizio o consentire l'accesso alla funzionalit\u00e0 in questione.<\/p>\n\n\n\n<p>La preghiamo di notare che, qualora decidesse di non fornirci tali informazioni, potrebbe non essere in grado di completare la registrazione o di usufruire di tali servizi o funzionalit\u00e0.<\/p>\n\n\n\n<p><strong>A quale scopo trattiamo i Suoi dati personali?<\/strong><\/p>\n\n\n\n<p>A seconda del modo in cui interagisce con il nostro sito web, tratteremo i suoi dati personali per le seguenti finalit\u00e0:<\/p>\n\n\n\n<p>Per rispondere alle richieste o alle domande inviate tramite i vari mezzi integrati nel nostro sito web.<\/p>\n\n\n\n<p>Trattiamo esclusivamente i dati personali strettamente necessari per elaborare o risolvere la Sua richiesta o domanda.<\/p>\n\n\n\n<p>Per la gestione dei social media<\/p>\n\n\n\n<p>Qualora decideste di seguirci o di contattarci tramite i vari social network su cui siamo presenti, tratteremo i dati da voi forniti attraverso tali canali al solo scopo di rispondere ai vostri messaggi o commenti e di gestire il nostro elenco di contatti.<\/p>\n\n\n\n<p>Analisi dell'usabilit\u00e0 e della qualit\u00e0 per il miglioramento dei nostri servizi (cookie)<\/p>\n\n\n\n<p>Se accede alla nostra Piattaforma, la informiamo che tratteremo i suoi dati di navigazione a fini analitici e statistici, ovvero per comprendere come gli utenti interagiscono con la nostra Piattaforma al fine di migliorarla. Allo stesso modo, di tanto in tanto, effettueremo<\/p>\n\n\n\n<p>iniziative di qualit\u00e0 e sondaggi per verificare la soddisfazione dei nostri clienti e utenti e per individuare le aree in cui possiamo migliorare.<\/p>\n\n\n\n<p><strong>Qual \u00e8 la legittimit\u00e0 del trattamento dei Suoi dati?<\/strong><\/p>\n\n\n\n<p>La base giuridica su cui trattiamo i Suoi dati personali dipende anche dalla finalit\u00e0 per cui li trattiamo, pertanto troveremo diverse basi giuridiche nelle seguenti finalit\u00e0:<\/p>\n\n\n\n<p>Si prega di prestare attenzione alle richieste di informazioni.<\/p>\n\n\n\n<p>La base giuridica del trattamento dei Suoi dati \u00e8 il Suo consenso informato a rispondere alle domande poste tramite il sito web, il che implica l'accettazione delle presenti condizioni da parte dell'interessato.<\/p>\n\n\n\n<p>Social media<\/p>\n\n\n\n<p>La base della legittimit\u00e0 \u00e8 il consenso informato a rispondere alle domande poste tramite il social network, nonch\u00e9 il momento in cui ci segui e desideri far parte della nostra lista di contatti.<\/p>\n\n\n\n<p>Analisi dell'usabilit\u00e0 e della qualit\u00e0 (Cookie)<\/p>\n\n\n\n<p>L'utente acconsente all'utilizzo dei cookie.<\/p>\n\n\n\n<p><strong>Per quanto tempo conserviamo i Suoi dati?<\/strong><\/p>\n\n\n\n<p>Richiesta di informazioni.<\/p>\n\n\n\n<p>I Suoi dati saranno trattati per il tempo necessario all'elaborazione della Sua richiesta o domanda e per un anno successivo.<\/p>\n\n\n\n<p>Social media<\/p>\n\n\n\n<p>Tratteremo i Suoi dati per tutto il tempo necessario a evadere la Sua richiesta e fintanto che Lei continuer\u00e0 a seguire il nostro profilo.<\/p>\n\n\n\n<p><strong>Condivideremo i Suoi dati con terze parti?<\/strong><\/p>\n\n\n\n<p>Al fine di raggiungere gli obiettivi definiti nella presente informativa sulla privacy, \u00e8 necessario consentire l'accesso ai Suoi dati personali a terzi che ci supportano nei servizi che Le forniamo, come indicato di seguito:<\/p>\n\n\n\n<p>Fornitori di servizi tecnologici<\/p>\n\n\n\n<p><strong>Quali sono i Suoi diritti quando ci fornisce i Suoi dati?<\/strong><\/p>\n\n\n\n<p>Ci impegniamo a rispettare la riservatezza dei Suoi dati personali e a garantire che Lei possa esercitare i Suoi diritti.<\/p>\n\n\n\n<p>\u00c8 possibile esercitare tali diritti gratuitamente inviando un'e-mail al nostro indirizzo di posta elettronica, indicando semplicemente il motivo della richiesta e il diritto che si desidera esercitare.<\/p>\n\n\n\n<p>Qualora ritenessimo necessario identificarla, potremmo richiederle una copia di un documento che attesti la sua identit\u00e0. In particolare, indipendentemente dalla finalit\u00e0 o dalla base giuridica su cui trattiamo i suoi dati, lei ha il diritto di:<\/p>\n\n\n\n<p>Richiedere l'accesso ai dati in nostro possesso.<\/p>\n\n\n\n<p>Richiedere la rettifica dei dati gi\u00e0 in nostro possesso. Si prega di notare che, fornendoci attivamente i propri dati personali in qualsiasi modo, l'utente garantisce che essi sono veritieri e accurati e si impegna a informarci di eventuali cambiamenti o modifiche degli stessi.<\/p>\n\n\n\n<p>Richiederci di cancellare i Suoi dati nella misura in cui non siano pi\u00f9 necessari per le finalit\u00e0 per cui dobbiamo trattarli, come Le abbiamo precedentemente comunicato, o nella misura in cui non siamo pi\u00f9 autorizzati a farlo.<\/p>\n\n\n\n<p>Richiederci di limitare il trattamento dei Suoi dati, il che significa che, in alcuni casi, pu\u00f2 chiederci di interrompere temporaneamente il trattamento dei Suoi dati o di conservarli pi\u00f9 a lungo del necessario quando ne ha bisogno. Se ci ha fornito il Suo consenso al trattamento dei Suoi dati per qualsiasi scopo, ha anche il diritto di revocare il Suo consenso in qualsiasi momento.<\/p>\n\n\n\n<p>Inoltre, se il trattamento dei Suoi dati si basa sul nostro legittimo interesse, Lei ha anche il diritto di opporsi al trattamento dei Suoi dati.<\/p>\n\n\n\n<p>Infine, desideriamo informarvi del vostro diritto di presentare un reclamo all'autorit\u00e0 di controllo competente in materia di protezione dei dati, in particolare l'Agenzia spagnola per la protezione dei dati https:\/\/www.agpd.es\/portalwebAGPD\/index-ides-idphp.php.<\/p>\n\n\n\n<p><strong>MODIFICHE ALLA POLITICA SULLA PRIVACY.<\/strong><\/p>\n\n\n\n<p>Le informazioni contenute nella presente informativa sulla privacy possono essere soggette a modifiche periodiche. In tal caso, provvederemo a informarvi in vari modi tramite la piattaforma o vi invieremo una notifica al vostro indirizzo e-mail qualora la modifica in questione sia rilevante per la vostra privacy, in modo che possiate esaminare le modifiche, valutarle e, se necessario, opporvi o annullare l'iscrizione a qualsiasi servizio o funzione.<\/p>\n\n\n\n<p><strong>INFORMAZIONI SUI COOKIE<\/strong><\/p>\n\n\n\n<p>Utilizziamo cookie e dispositivi simili per facilitare la navigazione sulla Piattaforma, per comprendere come interagisce con noi e, in alcuni casi, per poterle mostrare annunci pubblicitari in base alle sue abitudini di navigazione. La invitiamo a leggere la nostra politica sui cookie per ulteriori informazioni sui cookie e sui dispositivi simili che utilizziamo, sul loro scopo e su altre informazioni rilevanti.<\/p>","protected":false},"excerpt":{"rendered":"<p>CHI \u00c8 RESPONSABILE DEL TRATTAMENTO DEI SUOI DATI? Il responsabile del trattamento dei suoi dati \u00e8: Titolo: F\u00e9d\u00e9ration Culturelle Gnostique Samael Aun Weor de Suisse Indirizzo: Gen\u00e8ve 41, avenue du Lignon 1er \u00e9tage 1219 Le Lignon\/Gen\u00e8ve E-mail: info@gnosissuisse.ch CHE TIPO DI DATI TRATTIAMO? A seconda dei prodotti, dei servizi o delle funzioni che [...]<\/p>","protected":false},"author":7,"featured_media":0,"parent":0,"menu_order":0,"comment_status":"closed","ping_status":"closed","template":"","meta":{"footnotes":""},"class_list":["post-4186","page","type-page","status-publish","hentry"],"_links":{"self":[{"href":"https:\/\/gnosissuisse.ch\/it\/wp-json\/wp\/v2\/pages\/4186","targetHints":{"allow":["GET"]}}],"collection":[{"href":"https:\/\/gnosissuisse.ch\/it\/wp-json\/wp\/v2\/pages"}],"about":[{"href":"https:\/\/gnosissuisse.ch\/it\/wp-json\/wp\/v2\/types\/page"}],"author":[{"embeddable":true,"href":"https:\/\/gnosissuisse.ch\/it\/wp-json\/wp\/v2\/users\/7"}],"replies":[{"embeddable":true,"href":"https:\/\/gnosissuisse.ch\/it\/wp-json\/wp\/v2\/comments?post=4186"}],"version-history":[{"count":2,"href":"https:\/\/gnosissuisse.ch\/it\/wp-json\/wp\/v2\/pages\/4186\/revisions"}],"predecessor-version":[{"id":4460,"href":"https:\/\/gnosissuisse.ch\/it\/wp-json\/wp\/v2\/pages\/4186\/revisions\/4460"}],"wp:attachment":[{"href":"https:\/\/gnosissuisse.ch\/it\/wp-json\/wp\/v2\/media?parent=4186"}],"curies":[{"name":"wp","href":"https:\/\/api.w.org\/{rel}","templated":true}]}}