{"id":4184,"date":"2022-09-16T16:34:44","date_gmt":"2022-09-16T14:34:44","guid":{"rendered":"https:\/\/gnosissuisse.ch\/?page_id=4184"},"modified":"2022-10-30T18:55:52","modified_gmt":"2022-10-30T16:55:52","slug":"note-legali","status":"publish","type":"page","link":"https:\/\/gnosissuisse.ch\/it\/note-legali\/","title":{"rendered":"Informazioni legali"},"content":{"rendered":"<p>Si prega di leggere tutte le sezioni della presente nota legale prima di utilizzare questo sito web. I seguenti termini e condizioni sono vincolanti per tutti gli utenti di questo sito web.<\/p>\n\n\n\n<p>In conformit\u00e0 con l'obbligo di informazione previsto dalla legge 34\/2002 sui servizi della societ\u00e0 dell'informazione e del commercio elettronico (LSSI-CE) dell'11 luglio, di seguito sono riportate alcune informazioni generali su questo sito web.<\/p>\n\n\n\n<p>Lo scopo di questo testo \u00e8 quello di spiegare in dettaglio le funzionalit\u00e0 di questo sito web e di fornire all'utente informazioni relative al proprietario del sito e alla finalit\u00e0 dei contenuti in esso inclusi.<\/p>\n\n\n\n<p><strong>DATI IDENTIFICATIVI<\/strong><\/p>\n\n\n\n<p>Il presente avviso legale regola l'utilizzo del servizio del sito web www.promaine.com informando l'utente, in conformit\u00e0 con la legge 34\/2002 dell'11 luglio sui servizi della societ\u00e0 dell'informazione e del commercio elettronico, dei seguenti punti:<\/p>\n\n\n\n<p><strong>Titolo <\/strong>: Federazione Culturale Gnostica Samael Aun Weor della Svizzera<\/p>\n\n\n\n<p><strong>Indirizzo <\/strong>Ginevra, 41 Avenue du Lignon, 1\u00b0 piano, 1219 Le Lignon\/Ginevra<\/p>\n\n\n\n<p><strong>E-mail <\/strong>: <a href=\"mailto:gnosis@gnosisitalia.eu\"><a href=\"mailto:gnosis@gnosisitalia.eu\">info@gnosissuisse.ch<\/a><\/a><\/p>\n\n\n\n<p>La societ\u00e0 Nombre, di seguito denominata \u201cNombre\u201d, intende utilizzare il proprio sito web per promuovere la propria attivit\u00e0 e offrire la possibilit\u00e0 di contattarci, richiedere informazioni, iscriversi alla nostra rivista e segnalarci eventuali reclami o lamentele.<\/p>\n\n\n\n<p>Il presente documento ha lo scopo di definire le condizioni generali di utilizzo del sito web. Le condizioni generali devono essere accettate e rispettate da tutti gli utenti che desiderano utilizzare il sito web.<\/p>\n\n\n\n<p><strong>UTILIZZO DEL SITO WEB E OBBLIGHI DELL'UTENTE.<\/strong><\/p>\n\n\n\n<p>L'utente si impegna a utilizzare il sito web, i suoi contenuti e i suoi servizi senza violare la legislazione vigente, gli usi generalmente accettati e l'ordine pubblico. \u00c8 vietato utilizzare il sito web per scopi illeciti o dannosi per Rodrigo Promotores o per terzi, che in qualsiasi modo possano causare danni o impedire il normale utilizzo del sito web.<\/p>\n\n\n\n<p>Numero garantisce che i contenuti e i servizi offerti dal portale rispettino il principio della dignit\u00e0 personale, della tutela dei giovani e dei bambini e della non discriminazione per motivi di razza, sesso, religione, opinione, nazionalit\u00e0, disabilit\u00e0 o qualsiasi altro aspetto personale o sociale.<\/p>\n\n\n\n<p>Le presenti condizioni generali di utilizzo del sito web non conferiscono all'utente alcun altro diritto di utilizzo, modifica, sfruttamento, riproduzione, distribuzione o comunicazione pubblica dei contenuti del sito web oltre a quelli espressamente previsti nel presente documento.<\/p>\n\n\n\n<p>I contenuti (informazioni, file audio e\/o immagini, fotografie, disegni, ecc.) presenti sul portale sono di propriet\u00e0 di Rodrigo Promotores o sono stati debitamente autorizzati alla diffusione dai loro legittimi proprietari.<\/p>\n\n\n\n<p>Il nome si impegna a non fare pubblicit\u00e0 ingannevole ed \u00e8 quindi vietato:<\/p>\n\n\n\n<p>Utilizzo per scopi commerciali o pubblicitari diversi da quelli espressamente autorizzati. \u00c8 vietata la riproduzione, la pubblicazione, la distribuzione o la modifica, totale o parziale, senza previa autorizzazione scritta dei titolari dei diritti o nei casi consentiti dalla legge.<\/p>\n\n\n\n<p>Qualsiasi violazione dei diritti del Nome o dei suoi aventi diritto.<\/p>\n\n\n\n<p><strong>PROPRIET\u00c0 INTELLETTUALE E INDUSTRIALE<\/strong><\/p>\n\n\n\n<p>L'utente riconosce e accetta che tutti i diritti di propriet\u00e0 industriale e intellettuale sui contenuti e\/o qualsiasi altro elemento incluso nel sito web appartengono a Rodrigo Promotores o che quest'ultimo \u00e8 debitamente autorizzato a diffonderli in questo sito web.<\/p>\n\n\n\n<p>Qualora un utente o una terza parte ritenga che vi sia stata una violazione dei propri diritti legittimi di propriet\u00e0 intellettuale a causa dell'inserimento di determinati contenuti nel sito web, \u00e8 necessario inviare una notifica all'indirizzo e-mail indicato: info@gnosissuisse.ch<\/p>\n\n\n\n<p>Dati personali dell'interessato titolare dei diritti che si ritiene siano stati violati, oppure indicare la rappresentanza in nome della quale agisce se la denuncia \u00e8 presentata da un terzo diverso dall'interessato.<\/p>\n\n\n\n<p>Indicare il contenuto protetto da diritti di propriet\u00e0 intellettuale e la sua ubicazione sul sito web, l'accreditamento dei diritti di propriet\u00e0 intellettuale indicati e una dichiarazione esplicita in cui l'interessato si assume la responsabilit\u00e0 della veridicit\u00e0 delle informazioni fornite nella notifica.<\/p>\n\n\n\n<p><strong>LINK<\/strong><\/p>\n\n\n\n<p>Questo sito web fornisce collegamenti ad altri siti web e contenuti di propriet\u00e0 di terzi.<\/p>\n\n\n\n<p>L'unico scopo di questi link \u00e8 quello di fornire all'utente la possibilit\u00e0 di accedervi. Rodrigo Promotores non si assume alcuna responsabilit\u00e0 per i risultati che l'utente pu\u00f2 ottenere accedendo a tali link.<\/p>\n\n\n\n<p>Gli utenti che desiderano creare un collegamento tecnico tra il proprio sito web e il portale devono ottenere la previa autorizzazione scritta da parte di Name. La creazione del collegamento non implica in alcun modo l'esistenza di alcun rapporto tra Name e il proprietario del sito in cui \u00e8 stato creato.<\/p>\n\n\n\n<p>n\u00e9 l'accettazione o l'approvazione da parte di Rodrigo Promotores dei suoi contenuti o servizi.<\/p>\n\n\n\n<p>Il sito su cui viene inserito il link non deve contenere alcun marchio, nome, logo, slogan o altro segno distintivo appartenente a Nombre, ad eccezione di quelli espressamente autorizzati.<\/p>\n\n\n\n<p>Numero si riserva il diritto di modificare la presentazione e il layout del sito, nonch\u00e9 le presenti note legali, in qualsiasi momento e senza preavviso.<\/p>\n\n\n\n<p><strong>ESCLUSIONE DI GARANZIE E RESPONSABILIT\u00c0<\/strong><\/p>\n\n\n\n<p>Numero non fornisce alcuna garanzia e non \u00e8 in alcun modo responsabile per danni di qualsiasi natura che potrebbero derivare da:<\/p>\n\n\n\n<p>La mancanza di disponibilit\u00e0, manutenzione e funzionamento efficiente del sito web e\/o dei suoi servizi o contenuti.<\/p>\n\n\n\n<p>La presenza di virus, programmi dannosi o maligni nei contenuti.<\/p>\n\n\n\n<p>L'utilizzo illecito, negligente, fraudolento, contrario alle presenti condizioni, alla buona fede, agli usi generalmente accettati o all'ordine pubblico, del sito web, dei suoi servizi o dei suoi contenuti da parte degli utenti.<\/p>\n\n\n\n<p><strong>TRATTAMENTO DEI DATI PERSONALI<\/strong><\/p>\n\n\n\n<p>Come indicato nella sua informativa sulla privacy disponibile su questo sito, Numero ha adottato livelli di sicurezza adeguati per i dati che tratta e gestisce, incorporando tutti i mezzi e le misure tecniche a sua disposizione per garantire la riservatezza, evitare abusi, perdite, alterazioni, accessi non autorizzati e furti.<\/p>\n\n\n\n<p><strong>LEGGE E GIURISDIZIONE APPLICABILI<\/strong><\/p>\n\n\n\n<p>Le presenti condizioni sono regolate dalla legislazione spagnola e qualsiasi controversia derivante dall'accesso al sito web sar\u00e0 sottoposta ai tribunali della citt\u00e0 di MURCIA (Spagna).<\/p>\n\n\n\n<p><strong>Contatto<\/strong> Per eventuali domande o commenti relativi alla presente nota legale, si prega di contattare <a href=\"mailto:gnosis@gnosisitalia.eu\">info@gnosissuisse.ch<\/a> o inviare una comunicazione scritta all'indirizzo indicato nell'intestazione.<\/p>","protected":false},"excerpt":{"rendered":"<p>Veuillez lire toutes les sections de cet avis juridique avant d&#8217;utiliser ce site web. Les termes et conditions suivants sont contraignants pour tout utilisateur de ce site web. Conform\u00e9ment \u00e0 l&#8217;obligation d&#8217;information pr\u00e9vue par la loi 34\/2002 sur les services de la soci\u00e9t\u00e9 de l&#8217;information et le commerce \u00e9lectronique (LSSI-CE) du 11 juillet, vous trouverez [&hellip;]<\/p>","protected":false},"author":7,"featured_media":0,"parent":0,"menu_order":0,"comment_status":"closed","ping_status":"closed","template":"","meta":{"footnotes":""},"class_list":["post-4184","page","type-page","status-publish","hentry"],"_links":{"self":[{"href":"https:\/\/gnosissuisse.ch\/it\/wp-json\/wp\/v2\/pages\/4184","targetHints":{"allow":["GET"]}}],"collection":[{"href":"https:\/\/gnosissuisse.ch\/it\/wp-json\/wp\/v2\/pages"}],"about":[{"href":"https:\/\/gnosissuisse.ch\/it\/wp-json\/wp\/v2\/types\/page"}],"author":[{"embeddable":true,"href":"https:\/\/gnosissuisse.ch\/it\/wp-json\/wp\/v2\/users\/7"}],"replies":[{"embeddable":true,"href":"https:\/\/gnosissuisse.ch\/it\/wp-json\/wp\/v2\/comments?post=4184"}],"version-history":[{"count":3,"href":"https:\/\/gnosissuisse.ch\/it\/wp-json\/wp\/v2\/pages\/4184\/revisions"}],"predecessor-version":[{"id":4461,"href":"https:\/\/gnosissuisse.ch\/it\/wp-json\/wp\/v2\/pages\/4184\/revisions\/4461"}],"wp:attachment":[{"href":"https:\/\/gnosissuisse.ch\/it\/wp-json\/wp\/v2\/media?parent=4184"}],"curies":[{"name":"wp","href":"https:\/\/api.w.org\/{rel}","templated":true}]}}