{"id":3269,"date":"2022-07-04T14:18:54","date_gmt":"2022-07-04T12:18:54","guid":{"rendered":"https:\/\/gnosissuisse.ch\/?page_id=3269"},"modified":"2026-02-16T12:11:34","modified_gmt":"2026-02-16T10:11:34","slug":"che-cose-la-gnosi","status":"publish","type":"page","link":"https:\/\/gnosissuisse.ch\/it\/che-cose-la-gnosi\/","title":{"rendered":"Che cos'\u00e8 la Gnosi?"},"content":{"rendered":"<div data-elementor-type=\"wp-page\" data-elementor-id=\"3269\" class=\"elementor elementor-3269\" data-elementor-post-type=\"page\">\n\t\t\t\t<div class=\"elementor-element elementor-element-ad768f5 e-flex e-con-boxed e-con e-parent\" data-id=\"ad768f5\" data-element_type=\"container\" data-e-type=\"container\" data-settings=\"{&quot;background_background&quot;:&quot;classic&quot;}\">\n\t\t\t\t\t<div class=\"e-con-inner\">\n\t\t<div class=\"elementor-element elementor-element-cab3d09 e-con-full e-flex e-con e-child\" data-id=\"cab3d09\" data-element_type=\"container\" data-e-type=\"container\">\n\t\t\t\t<div class=\"elementor-element elementor-element-7af5b40 text-center elementor-widget elementor-widget-tp-heading-title\" data-id=\"7af5b40\" data-element_type=\"widget\" data-e-type=\"widget\" data-widget_type=\"tp-heading-title.default\">\n\t\t\t\t<div class=\"elementor-widget-container\">\n\t\t\t\t\t<div class=\"heading heading_style heading_style69d6efe64ece0 style-1\"  data-tp-gsap-heading-text=\"\" data-tp-gsap-sub-heading-text=\"\"><div class=\"sub-style\" ><div class=\"head-title heading-mobile-center\" > <h2  class=\"heading-title heading-mobile-center\"  data-hover=\"Qu&#039;est-ce que Gnosis?\">Che cos'\u00e8 Gnosis?<span class=\"title-s\">  <\/span><\/h2><\/div><\/div><\/div>\t\t\t\t<\/div>\n\t\t\t\t<\/div>\n\t\t\t\t<div class=\"elementor-element elementor-element-229c0f8 elementor-widget elementor-widget-text-editor\" data-id=\"229c0f8\" data-element_type=\"widget\" data-e-type=\"widget\" data-widget_type=\"text-editor.default\">\n\t\t\t\t<div class=\"elementor-widget-container\">\n\t\t\t\t\t\t\t\t\t<p>La Gnosi (dal greco: conoscenza) \u00e8 la conoscenza oggettiva e reale dell'uomo, dell'universo e delle leggi che lo governano. Se l'uomo conosce profondamente se stesso, se sa qual \u00e8 la sua vita, quali leggi la governano, qual \u00e8 lo scopo della sua esistenza, allora \u00e8 in grado di produrre consapevolmente cambiamenti positivi nella sua vita.<\/p><p>\u00ab <em>Conoscere se stessi come identici al proprio Pneuma o Spirito; sperimentare direttamente l'identit\u00e0 tra il conosciuto e il conoscente. Questo \u00e8 ci\u00f2 che possiamo e dobbiamo definire come autognosi.<\/em>\u00a0\u00bbVM Samael Aum Weor.<\/p>\t\t\t\t\t\t\t\t<\/div>\n\t\t\t\t<\/div>\n\t\t\t\t<\/div>\n\t\t<div class=\"elementor-element elementor-element-bbbd21b e-flex e-con-boxed e-con e-child\" data-id=\"bbbd21b\" data-element_type=\"container\" data-e-type=\"container\" data-settings=\"{&quot;background_background&quot;:&quot;classic&quot;}\">\n\t\t\t\t\t<div class=\"e-con-inner\">\n\t\t\t\t\t<\/div>\n\t\t\t\t<\/div>\n\t\t\t\t\t<\/div>\n\t\t\t\t<\/div>\n\t\t<div class=\"elementor-element elementor-element-6efa204 e-flex e-con-boxed e-con e-parent\" data-id=\"6efa204\" data-element_type=\"container\" data-e-type=\"container\" data-settings=\"{&quot;background_background&quot;:&quot;classic&quot;}\">\n\t\t\t\t\t<div class=\"e-con-inner\">\n\t\t<div class=\"elementor-element elementor-element-cb68e85 e-con-full e-flex e-con e-child\" data-id=\"cb68e85\" data-element_type=\"container\" data-e-type=\"container\">\n\t\t\t\t<div class=\"elementor-element elementor-element-f420aa9 elementor-widget elementor-widget-image\" data-id=\"f420aa9\" data-element_type=\"widget\" data-e-type=\"widget\" data-widget_type=\"image.default\">\n\t\t\t\t<div class=\"elementor-widget-container\">\n\t\t\t\t\t\t\t\t\t\t\t\t\t\t\t<img fetchpriority=\"high\" decoding=\"async\" width=\"800\" height=\"800\" src=\"https:\/\/gnosissuisse.ch\/wp-content\/uploads\/2022\/07\/temple_nosce_te_ipsum-1024x1024.png\" class=\"attachment-large size-large wp-image-3708\" alt=\"\" srcset=\"https:\/\/gnosissuisse.ch\/wp-content\/uploads\/2022\/07\/temple_nosce_te_ipsum-1024x1024.png 1024w, https:\/\/gnosissuisse.ch\/wp-content\/uploads\/2022\/07\/temple_nosce_te_ipsum-300x300.png 300w, https:\/\/gnosissuisse.ch\/wp-content\/uploads\/2022\/07\/temple_nosce_te_ipsum-150x150.png 150w, https:\/\/gnosissuisse.ch\/wp-content\/uploads\/2022\/07\/temple_nosce_te_ipsum-768x768.png 768w, https:\/\/gnosissuisse.ch\/wp-content\/uploads\/2022\/07\/temple_nosce_te_ipsum-700x700.png 700w, https:\/\/gnosissuisse.ch\/wp-content\/uploads\/2022\/07\/temple_nosce_te_ipsum-920x920.png 920w, https:\/\/gnosissuisse.ch\/wp-content\/uploads\/2022\/07\/temple_nosce_te_ipsum-230x230.png 230w, https:\/\/gnosissuisse.ch\/wp-content\/uploads\/2022\/07\/temple_nosce_te_ipsum-350x350.png 350w, https:\/\/gnosissuisse.ch\/wp-content\/uploads\/2022\/07\/temple_nosce_te_ipsum-480x480.png 480w, https:\/\/gnosissuisse.ch\/wp-content\/uploads\/2022\/07\/temple_nosce_te_ipsum.png 1080w\" sizes=\"(max-width: 800px) 100vw, 800px\" \/>\t\t\t\t\t\t\t\t\t\t\t\t\t\t\t<\/div>\n\t\t\t\t<\/div>\n\t\t\t\t<\/div>\n\t\t<div class=\"elementor-element elementor-element-41a4a9c e-con-full e-flex e-con e-child\" data-id=\"41a4a9c\" data-element_type=\"container\" data-e-type=\"container\">\n\t\t\t\t<div class=\"elementor-element elementor-element-0c4aeb2 elementor-widget elementor-widget-text-editor\" data-id=\"0c4aeb2\" data-element_type=\"widget\" data-e-type=\"widget\" data-widget_type=\"text-editor.default\">\n\t\t\t\t<div class=\"elementor-widget-container\">\n\t\t\t\t\t\t\t\t\t<p class=\"translation-block\"><span class=\"react-editor-token react-editor-text-token\" data-token-id=\"8\">La<\/span> <span class=\"react-editor-token react-editor-text-token\" data-token-id=\"10\">Gnosi<\/span> <span class=\"react-editor-token react-editor-text-token\" data-token-id=\"12\">si basa<\/span> <span class=\"react-editor-token react-editor-text-token\" data-token-id=\"14\">su<\/span> <span class=\"react-editor-token react-editor-text-token\" data-token-id=\"16\">4<\/span> <span class=\"react-editor-token react-editor-text-token\" data-token-id=\"18\">pilastri<\/span> <span class=\"react-editor-token react-editor-text-token\" data-token-id=\"20\">che<\/span> <span class=\"react-editor-token react-editor-text-token\" data-token-id=\"22\">guidano<\/span> <span class=\"react-editor-token react-editor-text-token\" data-token-id=\"24\">l'Essere <\/span><span class=\"react-editor-token react-editor-text-token\" data-token-id=\"26\">Umano<\/span> <span class=\"react-editor-token react-editor-text-token\" data-token-id=\"28\">a<\/span> <span class=\"react-editor-token react-editor-text-token\" data-token-id=\"30\">la<\/span> <span class=\"react-editor-token react-editor-text-token\" data-token-id=\"32\">saggezza<\/span> <span class=\"react-editor-token react-editor-text-token\" data-token-id=\"34\">:<\/span> <span class=\"react-editor-token react-editor-text-token\" data-token-id=\"36\">l'Arte,<\/span> <span class=\"react-editor-token react-editor-text-token\" data-token-id=\"38\">la<\/span> <span class=\"react-editor-token react-editor-text-token\" data-token-id=\"40\">Scienza,<\/span> <span class=\"react-editor-token react-editor-text-token\" data-token-id=\"42\">la<\/span> <span class=\"react-editor-token react-editor-text-token\" data-token-id=\"44\">filosofia<\/span> <span class=\"react-editor-token react-editor-text-token\" data-token-id=\"46\">e <\/span><span class=\"react-editor-token react-editor-text-token\" data-token-id=\"48\">la<\/span> <span class=\"react-editor-token react-editor-text-token\" data-token-id=\"50\">Religione.<\/span><\/p><p><span class=\"react-editor-token react-editor-text-token\" data-token-id=\"50\"><strong> Scienza<\/strong>: <\/span><\/p><p class=\"translation-block\">Attraverso gli elementi pi\u00f9 importanti della scienza, che sono la pratica e la sperimentazione, cerchiamo di acquisire una conoscenza diretta osservando e studiando i diversi sistemi della natura e dell'uomo, al fine di analizzare, studiare e comprendere il complesso meccanismo umano.<\/p><p><span class=\"react-editor-token react-editor-text-token\" data-token-id=\"290\"><strong>Arte<\/strong>: <\/span><\/p><p>\u00c8 la ricerca della bellezza in tutte le sue manifestazioni. \u00c8 evidente che questa conoscenza ha dato origine a tutte le arti, alla scultura, alla pittura, alla musica selezionata, alla poesia, alle lettere, agli sport sani ed equilibrati, a tutto ci\u00f2 che \u00e8 di ordine spirituale e che attiva i centri superiori della persona umana, portandola a uno stato molto armonioso e profondo.<\/p><p><span class=\"react-editor-token react-editor-text-token\" data-token-id=\"142\"><strong>Filosofia<\/strong>: <\/span><\/p><p class=\"translation-block\">La filosofia mira a cambiare la percezione, creando negli individui le ragioni necessarie per cambiare il proprio stile di vita. Praticare la filosofia significa imparare a riflettere e pensare per s\u00e9 stesso, contemplando la natura, l'universo e le circostanze con l'intenzione di scoprire il mistero insito in ogni cosa. In altre parole, la filosofia \u00e8 sia la ricerca di risposte sia la comprensione che acquisiamo per vivere con saggezza.<\/p><p><span class=\"react-editor-token react-editor-text-token\" data-token-id=\"438\"><strong>Religione<\/strong>:<\/span><\/p><p class=\"translation-block\">\u00c8 necessario comprendere il termine \u00abreligione\u00bb e il significato originale ed etimologico di questa parola. Religione deriva dal latino \u00abre-ligare\u00bb, ricollegare, ovvero ricongiungersi con ci\u00f2 che c'\u00e8 di divino nell'uomo stesso. La Gnosi come religione cerca di studiare il significato profondo che esiste nei miti religiosi, dietro i simboli, dietro le diverse forme religiose. Pertanto, la Gnosi come religione cerca la reintegrazione dell'uomo con le forze superiori che esistono nell'universo e all'interno dell'essere umano stesso, ricercando a tal fine la scienza che esiste nelle religioni. La Gnosis insegna LA DOTTRINA DELLA SINTESI, poich\u00e9 sintetizza le conoscenze per renderle pratiche e accessibili a tutti.<\/p>\t\t\t\t\t\t\t\t<\/div>\n\t\t\t\t<\/div>\n\t\t\t\t<\/div>\n\t\t<div class=\"elementor-element elementor-element-552819b e-con-full e-flex e-con e-child\" data-id=\"552819b\" data-element_type=\"container\" data-e-type=\"container\">\n\t\t\t\t<div class=\"elementor-element elementor-element-af5ca4e text-center elementor-widget elementor-widget-tp-heading-title\" data-id=\"af5ca4e\" data-element_type=\"widget\" data-e-type=\"widget\" data-widget_type=\"tp-heading-title.default\">\n\t\t\t\t<div class=\"elementor-widget-container\">\n\t\t\t\t\t<div class=\"heading heading_style heading_style69d6efe650ad4 style-1\"  data-tp-gsap-heading-text=\"\" data-tp-gsap-sub-heading-text=\"\"><div class=\"sub-style\" ><div class=\"head-title heading-mobile-center\" > <h2  class=\"heading-title heading-mobile-center\"  data-hover=\"LES 4 PILIERS DU SAVOIR\">I 4 PILASTRI DELLA CONOSCENZA<span class=\"title-s\">  <\/span><\/h2><\/div><\/div><\/div>\t\t\t\t<\/div>\n\t\t\t\t<\/div>\n\t\t\t\t<\/div>\n\t\t\t\t\t<\/div>\n\t\t\t\t<\/div>\n\t\t<div class=\"elementor-element elementor-element-c122809 e-flex e-con-boxed e-con e-parent\" data-id=\"c122809\" data-element_type=\"container\" data-e-type=\"container\" data-settings=\"{&quot;background_background&quot;:&quot;classic&quot;}\">\n\t\t\t\t\t<div class=\"e-con-inner\">\n\t\t<div class=\"elementor-element elementor-element-a8a7baf e-con-full e-flex e-con e-child\" data-id=\"a8a7baf\" data-element_type=\"container\" data-e-type=\"container\">\n\t\t\t\t<div class=\"elementor-element elementor-element-b0c23d3 elementor-widget elementor-widget-image\" data-id=\"b0c23d3\" data-element_type=\"widget\" data-e-type=\"widget\" data-widget_type=\"image.default\">\n\t\t\t\t<div class=\"elementor-widget-container\">\n\t\t\t\t\t\t\t\t\t\t\t\t\t\t\t<img decoding=\"async\" width=\"540\" height=\"540\" src=\"https:\/\/gnosissuisse.ch\/wp-content\/uploads\/2022\/07\/star.png\" class=\"attachment-large size-large wp-image-3718\" alt=\"\" srcset=\"https:\/\/gnosissuisse.ch\/wp-content\/uploads\/2022\/07\/star.png 540w, https:\/\/gnosissuisse.ch\/wp-content\/uploads\/2022\/07\/star-300x300.png 300w, https:\/\/gnosissuisse.ch\/wp-content\/uploads\/2022\/07\/star-150x150.png 150w, https:\/\/gnosissuisse.ch\/wp-content\/uploads\/2022\/07\/star-230x230.png 230w, https:\/\/gnosissuisse.ch\/wp-content\/uploads\/2022\/07\/star-350x350.png 350w, https:\/\/gnosissuisse.ch\/wp-content\/uploads\/2022\/07\/star-480x480.png 480w\" sizes=\"(max-width: 540px) 100vw, 540px\" \/>\t\t\t\t\t\t\t\t\t\t\t\t\t\t\t<\/div>\n\t\t\t\t<\/div>\n\t\t\t\t<div class=\"elementor-element elementor-element-8ac149c text-center elementor-widget elementor-widget-tp-heading-title\" data-id=\"8ac149c\" data-element_type=\"widget\" data-e-type=\"widget\" data-widget_type=\"tp-heading-title.default\">\n\t\t\t\t<div class=\"elementor-widget-container\">\n\t\t\t\t\t<div class=\"heading heading_style heading_style69d6efe65145e style-1\"  data-tp-gsap-heading-text=\"\" data-tp-gsap-sub-heading-text=\"\"><div class=\"sub-style\" ><div class=\"head-title heading-mobile-center\" > <h2  class=\"heading-title heading-mobile-center\"  data-hover=\"CONNAISSANCE DE SOI\">CONOSCENZA DI S\u00c9<span class=\"title-s\">  <\/span><\/h2><\/div><\/div><\/div>\t\t\t\t<\/div>\n\t\t\t\t<\/div>\n\t\t\t\t<div class=\"elementor-element elementor-element-cada4bd elementor-widget elementor-widget-text-editor\" data-id=\"cada4bd\" data-element_type=\"widget\" data-e-type=\"widget\" data-widget_type=\"text-editor.default\">\n\t\t\t\t<div class=\"elementor-widget-container\">\n\t\t\t\t\t\t\t\t\t<p class=\"translation-block\">L'esperienza gnostica permette allo studente sincero di conoscere se stesso e di raggiungere la completa autorealizzazione. L'autorealizzazione va intesa come lo sviluppo armonioso di tutte le infinite possibilit\u00e0 dell'uomo.<\/p>\t\t\t\t\t\t\t\t<\/div>\n\t\t\t\t<\/div>\n\t\t\t\t<\/div>\n\t\t\t\t\t<\/div>\n\t\t\t\t<\/div>\n\t\t\t\t<\/div>","protected":false},"excerpt":{"rendered":"<p>Che cos'\u00e8 la Gnosi? La gnosi (dal greco: conoscenza) \u00e8 la conoscenza oggettiva e reale dell'uomo, dell'universo e delle leggi che lo governano. Se le persone conoscono profondamente se stesse, se sanno cos'\u00e8 la loro vita, quali leggi la governano e qual \u00e8 lo scopo della loro esistenza, allora sono in grado di produrre consapevolmente [...].<\/p>","protected":false},"author":7,"featured_media":0,"parent":0,"menu_order":0,"comment_status":"closed","ping_status":"closed","template":"","meta":{"footnotes":""},"class_list":["post-3269","page","type-page","status-publish","hentry"],"_links":{"self":[{"href":"https:\/\/gnosissuisse.ch\/it\/wp-json\/wp\/v2\/pages\/3269","targetHints":{"allow":["GET"]}}],"collection":[{"href":"https:\/\/gnosissuisse.ch\/it\/wp-json\/wp\/v2\/pages"}],"about":[{"href":"https:\/\/gnosissuisse.ch\/it\/wp-json\/wp\/v2\/types\/page"}],"author":[{"embeddable":true,"href":"https:\/\/gnosissuisse.ch\/it\/wp-json\/wp\/v2\/users\/7"}],"replies":[{"embeddable":true,"href":"https:\/\/gnosissuisse.ch\/it\/wp-json\/wp\/v2\/comments?post=3269"}],"version-history":[{"count":218,"href":"https:\/\/gnosissuisse.ch\/it\/wp-json\/wp\/v2\/pages\/3269\/revisions"}],"predecessor-version":[{"id":5706,"href":"https:\/\/gnosissuisse.ch\/it\/wp-json\/wp\/v2\/pages\/3269\/revisions\/5706"}],"wp:attachment":[{"href":"https:\/\/gnosissuisse.ch\/it\/wp-json\/wp\/v2\/media?parent=3269"}],"curies":[{"name":"wp","href":"https:\/\/api.w.org\/{rel}","templated":true}]}}