{"id":4188,"date":"2022-09-16T16:34:44","date_gmt":"2022-09-16T14:34:44","guid":{"rendered":"https:\/\/gnosissuisse.ch\/?page_id=4188"},"modified":"2022-10-30T18:56:12","modified_gmt":"2022-10-30T16:56:12","slug":"politica-de-cookies","status":"publish","type":"page","link":"https:\/\/gnosissuisse.ch\/es\/politica-de-cookies\/","title":{"rendered":"Pol\u00edtica de cookies"},"content":{"rendered":"<p><strong>DEFINICI\u00d3N DE COOKIES<\/strong><\/p>\n\n\n\n<p>Las cookies son identificadores que enviamos al disco duro de su ordenador a trav\u00e9s de su navegador web para que nuestros sistemas puedan reconocer su navegador y proporcionarle determinados servicios.<\/p>\n\n\n\n<p>Este sitio web utiliza diferentes tipos de cookies. Algunas cookies son colocadas por servicios de terceros que aparecen en nuestras p\u00e1ginas.<\/p>\n\n\n\n<p>Las cookies utilizadas por el sitio web se enumeran a continuaci\u00f3n Nombre<\/p>\n\n\n\n<p><strong>COOKIES UTILIZADAS<\/strong><\/p>\n\n\n\n<p><strong>Cookies necesarias<\/strong><\/p>\n\n\n\n<p>Las cookies necesarias contribuyen a que un sitio web sea utilizable, ya que permiten funciones b\u00e1sicas como la navegaci\u00f3n por las p\u00e1ginas y el acceso a las zonas seguras del sitio. El sitio web no puede funcionar correctamente sin estas cookies.<\/p>\n\n\n\n<p><strong>Nombre del proveedor Objetivo Periodo de conservaci\u00f3n<\/strong><\/p>\n\n\n\n<p>1P_JAR Google.co.uk Transferencia de datos a Google. 1 semana<\/p>\n\n\n\n<p><strong>Cookies de preferencia<\/strong><\/p>\n\n\n\n<p>Las cookies de preferencias permiten al sitio web recordar informaci\u00f3n que modifica el comportamiento o la apariencia del sitio, como su idioma preferido o la regi\u00f3n en la que se encuentra.<\/p>\n\n\n\n<p>Nombre del proveedor Objetivo Periodo de conservaci\u00f3n<\/p>\n\n\n\n<p>Google.com NID La cookie NID contiene un identificador \u00fanico que Google utiliza para recordar las preferencias de los usuarios y otra informaci\u00f3n, como el idioma preferido (por ejemplo, ingl\u00e9s).<\/p>\n\n\n\n<p><strong>Cookies estad\u00edsticas<\/strong><\/p>\n\n\n\n<p>Las cookies estad\u00edsticas ayudan a los propietarios de sitios web a comprender c\u00f3mo interact\u00faan los visitantes con los sitios web mediante la recopilaci\u00f3n y el suministro de informaci\u00f3n de forma an\u00f3nima.<\/p>\n\n\n\n<p>Para desactivar las cookies de Google Analytics, puede instalar el complemento del navegador Google Analytics Opt-out, que permite no enviar informaci\u00f3n estad\u00edstica. Est\u00e1 disponible en el siguiente enlace: https:\/\/tools.google.com\/dlpage\/gaoptout?hl=es.<\/p>\n\n\n\n<p><strong>Nombre del proveedor Objetivo Periodo de conservaci\u00f3n<\/strong><\/p>\n\n\n\n<p>Google Analytics Registra un identificador \u00fanico que se utiliza para generar datos estad\u00edsticos sobre el uso del sitio web por parte del visitante. 2 a\u00f1os<\/p>\n\n\n\n<p>SIDCC Google Analytics se utiliza para prestar servicios y extraer informaci\u00f3n an\u00f3nima sobre la navegaci\u00f3n. 2 a\u00f1os<\/p>\n\n\n\n<p>SSID Google Maps Para que Google cuente el n\u00famero de usuarios que utilizan los mapas. 6 meses<\/p>\n\n\n\n<p>HSID Google Maps Para Google, con el fin de contar el n\u00famero de usuarios que utilizan los mapas. 6 meses<\/p>\n\n\n\n<p>Google utiliza los SID de Google Maps para almacenar las preferencias y la informaci\u00f3n de los usuarios que visitan p\u00e1ginas con Google Maps. 2 a\u00f1os<\/p>\n\n\n\n<p>APISID Google Maps Estos elementos son utilizados por Google para almacenar las preferencias y la informaci\u00f3n de los usuarios cuando consultan p\u00e1ginas con Google Maps. 2 a\u00f1os<\/p>\n\n\n\n<p>SAPISIC Google Maps Google utiliza estos elementos para almacenar las preferencias y la informaci\u00f3n de los usuarios cuando consultan p\u00e1ginas con Google Maps. 2 a\u00f1os<\/p>\n\n\n\n<p><strong>Cookies de marketing<\/strong><\/p>\n\n\n\n<p>Las cookies de marketing se utilizan para realizar un seguimiento de los visitantes de los sitios web. El objetivo es mostrar anuncios que sean relevantes y atractivos para el usuario individual y, por lo tanto, de mayor valor para los editores y anunciantes externos.<\/p>\n\n\n\n<p><strong>Nombre del proveedor Objetivo Periodo de conservaci\u00f3n<\/strong><\/p>\n\n\n\n<p>CONSENSO Google.com Mejora la publicidad, que a menudo se utiliza para dirigirse a los usuarios Permanente<\/p>\n\n\n\n<p>Secure-3PAPISID google.com Publicidad. Estas cookies se utilizan para ofrecer anuncios m\u00e1s relevantes para usted y sus intereses. 2 a\u00f1os<\/p>\n\n\n\n<p>Secure-3PSID Google.com Advertising. Estas cookies se utilizan para proporcionar anuncios que sean m\u00e1s relevantes para usted y sus intereses. 2 a\u00f1os<\/p>\n\n\n\n<p>Secure-APISID Publicidad Google.com. Estas cookies se utilizan para proporcionar anuncios m\u00e1s relevantes para el usuario y sus intereses. 2 a\u00f1os.<\/p>\n\n\n\n<p>Publicidad Secure-HSID de Google.com. Estas cookies se utilizan para proporcionar anuncios m\u00e1s relevantes para el usuario y sus intereses. 2 a\u00f1os.<\/p>\n\n\n\n<p>Secure-SSID Publicidad Google.com. Estas cookies se utilizan para ofrecer anuncios m\u00e1s relevantes para usted y sus intereses. 2 a\u00f1os<\/p>\n\n\n\n<p>PREF Youtube.com Se trata de una cookie que almacena las preferencias de visualizaci\u00f3n y b\u00fasqueda de v\u00eddeos de YouTube: idioma preferido, filtro de b\u00fasqueda seguro, etc. 2 a\u00f1os.<\/p>\n\n\n\n<p>VISITOR_INFO1_LIVE Youtube.com Intenta calcular el ancho de banda del usuario en p\u00e1ginas que contienen v\u00eddeos de YouTube integrados. 179 d\u00edas<\/p>\n\n\n\n<p>YSC Youtube.com registra un identificador \u00fanico para mantener estad\u00edsticas sobre los v\u00eddeos de YouTube que ve el usuario. LOGING_INFO La sesi\u00f3n de Youtube.com perteneciente a Youtube.com se carga en los v\u00eddeos del sitio. 2 a\u00f1os<\/p>\n\n\n\n<p>C\u00f3mo activar\/desactivar las cookies en los principales navegadores:<\/p>\n\n\n\n<p>Por lo general, es posible dejar de aceptar las cookies del navegador o dejar de aceptar las cookies de un servicio concreto.<\/p>\n\n\n\n<p>Todos los navegadores modernos le permiten modificar la configuraci\u00f3n de las cookies. Esta configuraci\u00f3n suele encontrarse en el men\u00fa \u201cOpciones\u201d o \u201cPreferencias\u201d del navegador. Tambi\u00e9n puede configurar su navegador o su proveedor de correo electr\u00f3nico.<\/p>\n\n\n\n<p>A continuaci\u00f3n encontrar\u00e1n una gu\u00eda sobre c\u00f3mo acceder al men\u00fa de configuraci\u00f3n de cookies y, en su caso, a la navegaci\u00f3n privada en cada uno de los principales navegadores:<\/p>\n\n\n\n<p>Internet Explorer: Herramientas -&gt; Opciones de Internet -&gt; Privacidad -&gt; Configuraci\u00f3n. Para obtener m\u00e1s informaci\u00f3n, consulte el servicio de asistencia t\u00e9cnica de Microsoft o el archivo de ayuda de su navegador.<\/p>\n\n\n\n<p>Firefox: Herramientas -&gt; Opciones -&gt; Privacidad -&gt; Historial -&gt; Configuraci\u00f3n personalizada. Para obtener m\u00e1s informaci\u00f3n, puede consultar el servicio de asistencia de Mozilla o el archivo de ayuda de su navegador.<\/p>\n\n\n\n<p>Chrome: Configuraci\u00f3n -&gt; Mostrar opciones avanzadas -&gt; Privacidad -&gt; Configuraci\u00f3n de contenido. Para obtener m\u00e1s informaci\u00f3n, puede consultar la asistencia de Google o la ayuda del navegador.<\/p>\n\n\n\n<p>Safari: Preferencias -&gt; Seguridad. Para obtener m\u00e1s informaci\u00f3n, consulte la asistencia de Apple o la ayuda del navegador.<\/p>\n\n\n\n<p>\u00bfQu\u00e9 ocurre si desactiva las cookies? Algunas funciones de los servicios quedar\u00e1n desactivadas, como, por ejemplo, el mantenimiento de la conexi\u00f3n, el mantenimiento de las compras en la \u201ccesta\u201d, etc.<\/p>","protected":false},"excerpt":{"rendered":"<p>D\u00c9FINITION DES COOKIES Les cookies sont des identifiants que nous envoyons sur le disque dur de votre ordinateur par le biais de votre navigateur web afin que nos syst\u00e8mes puissent reconna\u00eetre votre navigateur et vous fournir certains services. Ce site utilise diff\u00e9rents types de cookies. Certains cookies sont plac\u00e9s par des services tiers qui apparaissent [&hellip;]<\/p>","protected":false},"author":7,"featured_media":0,"parent":0,"menu_order":0,"comment_status":"closed","ping_status":"closed","template":"","meta":{"footnotes":""},"class_list":["post-4188","page","type-page","status-publish","hentry"],"_links":{"self":[{"href":"https:\/\/gnosissuisse.ch\/es\/wp-json\/wp\/v2\/pages\/4188","targetHints":{"allow":["GET"]}}],"collection":[{"href":"https:\/\/gnosissuisse.ch\/es\/wp-json\/wp\/v2\/pages"}],"about":[{"href":"https:\/\/gnosissuisse.ch\/es\/wp-json\/wp\/v2\/types\/page"}],"author":[{"embeddable":true,"href":"https:\/\/gnosissuisse.ch\/es\/wp-json\/wp\/v2\/users\/7"}],"replies":[{"embeddable":true,"href":"https:\/\/gnosissuisse.ch\/es\/wp-json\/wp\/v2\/comments?post=4188"}],"version-history":[{"count":2,"href":"https:\/\/gnosissuisse.ch\/es\/wp-json\/wp\/v2\/pages\/4188\/revisions"}],"predecessor-version":[{"id":4463,"href":"https:\/\/gnosissuisse.ch\/es\/wp-json\/wp\/v2\/pages\/4188\/revisions\/4463"}],"wp:attachment":[{"href":"https:\/\/gnosissuisse.ch\/es\/wp-json\/wp\/v2\/media?parent=4188"}],"curies":[{"name":"wp","href":"https:\/\/api.w.org\/{rel}","templated":true}]}}