{"id":4186,"date":"2022-09-16T16:34:44","date_gmt":"2022-09-16T14:34:44","guid":{"rendered":"https:\/\/gnosissuisse.ch\/?page_id=4186"},"modified":"2022-10-30T18:56:04","modified_gmt":"2022-10-30T16:56:04","slug":"politica-de-privacidad","status":"publish","type":"page","link":"https:\/\/gnosissuisse.ch\/es\/politica-de-privacidad\/","title":{"rendered":"Pol\u00edtica de privacidad"},"content":{"rendered":"<p>\u00bfQUI\u00c9N ES EL RESPONSABLE DEL TRATAMIENTO DE LOS DATOS?<\/p>\n\n\n\n<p>El RESPONSABLE DEL TRATAMIENTO DE SUS DATOS es:<\/p>\n\n\n\n<p><strong>T\u00edtulo <\/strong>: Federaci\u00f3n Cultural Gn\u00f3stica Samael Aun Weor de Suiza<\/p>\n\n\n\n<p><strong>Direcci\u00f3n <\/strong>: Ginebra, 41, avenue du Lignon, 1.\u00aa planta, 1219 Le Lignon\/Ginebra<\/p>\n\n\n\n<p><strong>Correo electr\u00f3nico <\/strong>: <a href=\"mailto:gnosis@gnosisitalia.eu\"><a href=\"mailto:gnosis@gnosisitalia.eu\">info@gnosissuisse.ch<\/a><\/a><\/p>\n\n\n\n<p>\u00bfQU\u00c9 TIPO DE DATOS TRATAMOS?<\/p>\n\n\n\n<p>En funci\u00f3n de los productos, servicios o funcionalidades que desee utilizar en un momento dado, tendremos que tratar unos datos u otros. En general, estos datos ser\u00e1n, seg\u00fan el caso, los siguientes:<\/p>\n\n\n\n<p>Sus datos de identificaci\u00f3n (por ejemplo, su nombre, apellidos, idioma, pa\u00eds desde el que interact\u00faa con nosotros, datos de contacto, etc.).<\/p>\n\n\n\n<p>Datos de conexi\u00f3n, geolocalizaci\u00f3n y navegaci\u00f3n (en caso de que interact\u00fae con nosotros desde su tel\u00e9fono m\u00f3vil, por ejemplo).<\/p>\n\n\n\n<p>Datos sobre sus gustos y preferencias.<\/p>\n\n\n\n<p>Recuerde que cuando le pedimos que introduzca sus datos personales para darle acceso a una funci\u00f3n o servicio del sitio web, marcamos algunos campos como obligatorios, ya que se trata de datos que necesitamos para prestarle el servicio o darle acceso a la funci\u00f3n en cuesti\u00f3n.<\/p>\n\n\n\n<p>Tenga en cuenta que si decide no proporcionarnos esta informaci\u00f3n, es posible que no pueda completar su registro o disfrutar de estos servicios o funciones.<\/p>\n\n\n\n<p><strong>\u00bfCON QU\u00c9 FINALIDAD TRATAMOS SUS DATOS PERSONALES?<\/strong><\/p>\n\n\n\n<p>En funci\u00f3n de c\u00f3mo interact\u00fae con nuestro sitio web, trataremos sus datos personales con los siguientes fines:<\/p>\n\n\n\n<p>Para responder a las solicitudes o preguntas que env\u00ede a trav\u00e9s de los distintos medios integrados en nuestro sitio web.<\/p>\n\n\n\n<p>Solo tratamos los datos personales que son estrictamente necesarios para tramitar o resolver su solicitud o consulta.<\/p>\n\n\n\n<p>Para la gesti\u00f3n de las redes sociales<\/p>\n\n\n\n<p>En caso de que nos sigan o se pongan en contacto con nosotros a trav\u00e9s de las diferentes redes sociales en las que estamos presentes, trataremos los datos que nos faciliten a trav\u00e9s de ellas con la \u00fanica finalidad de responder a sus mensajes o comentarios y gestionar nuestra lista de contactos.<\/p>\n\n\n\n<p>An\u00e1lisis de la facilidad de uso y la calidad para mejorar nuestros servicios (cookies)<\/p>\n\n\n\n<p>Si accede a nuestra Plataforma, tenga en cuenta que trataremos sus datos de navegaci\u00f3n con fines anal\u00edticos y estad\u00edsticos, es decir, para comprender c\u00f3mo interact\u00faan los usuarios con nuestra Plataforma con el fin de mejorarla. Asimismo, de vez en cuando, realizaremos<\/p>\n\n\n\n<p>Acciones de calidad y encuestas para verificar la satisfacci\u00f3n de sus clientes y usuarios y detectar las \u00e1reas en las que pueden mejorar.<\/p>\n\n\n\n<p><strong>\u00bfCU\u00c1L ES LA LEGITIMIDAD DEL TRATAMIENTO DE SUS DATOS?<\/strong><\/p>\n\n\n\n<p>La base jur\u00eddica sobre la que tratamos sus datos personales tambi\u00e9n depende de la finalidad para la que los tratamos, por lo que encontraremos diferentes bases jur\u00eddicas en las siguientes finalidades:<\/p>\n\n\n\n<p>Tenga cuidado con las solicitudes de informaci\u00f3n.<\/p>\n\n\n\n<p>La base jur\u00eddica para el tratamiento de sus datos es su consentimiento informado para responder a las preguntas formuladas a trav\u00e9s del sitio web, lo que implica la aceptaci\u00f3n de las presentes condiciones por parte del interesado.<\/p>\n\n\n\n<p>Redes sociales<\/p>\n\n\n\n<p>La base de la legitimidad es el consentimiento informado para responder a las preguntas formuladas a trav\u00e9s de la red social, as\u00ed como el momento en que nos siguen y desean formar parte de nuestra lista de contactos.<\/p>\n\n\n\n<p>An\u00e1lisis de usabilidad y calidad (cookie)<\/p>\n\n\n\n<p>El usuario acepta el uso de cookies.<\/p>\n\n\n\n<p><strong>\u00bfCU\u00c1NTO TIEMPO CONSERVAMOS SUS DATOS?<\/strong><\/p>\n\n\n\n<p>Solicitud de informaci\u00f3n.<\/p>\n\n\n\n<p>Trataremos sus datos durante el tiempo que sea necesario para tramitar su solicitud o consulta y durante un a\u00f1o a partir de entonces.<\/p>\n\n\n\n<p>Redes sociales<\/p>\n\n\n\n<p>Trataremos sus datos durante el tiempo que sea necesario para tramitar su solicitud y mientras sea seguidor de nuestro perfil.<\/p>\n\n\n\n<p><strong>\u00bfCOMPARTIREMOS SUS DATOS CON TERCEROS?<\/strong><\/p>\n\n\n\n<p>Para alcanzar los objetivos definidos en la presente pol\u00edtica de privacidad, es necesario facilitar el acceso a sus datos personales a terceros que nos prestan apoyo en los servicios que le proporcionamos, tal y como se indica a continuaci\u00f3n:<\/p>\n\n\n\n<p>Proveedores de servicios tecnol\u00f3gicos<\/p>\n\n\n\n<p><strong>\u00bfCU\u00c1LES SON SUS DERECHOS CUANDO NOS FACILITA SUS DATOS?<\/strong><\/p>\n\n\n\n<p>Nos comprometemos a respetar la confidencialidad de sus datos personales y a garantizar que pueda ejercer sus derechos.<\/p>\n\n\n\n<p>Puede ejercer estos derechos de forma gratuita enviando un correo electr\u00f3nico a nuestra direcci\u00f3n de correo electr\u00f3nico, indicando simplemente el motivo de su solicitud y el derecho que desea ejercer.<\/p>\n\n\n\n<p>Si consideramos que es necesario identificarle, podemos solicitarle una copia de un documento que acredite su identidad. En particular, independientemente de la finalidad o la base jur\u00eddica sobre la que tratemos sus datos, tiene derecho a:<\/p>\n\n\n\n<p>Solicitar acceso a los datos que tenemos en su poder.<\/p>\n\n\n\n<p>Solicitar la rectificaci\u00f3n de los datos que ya obran en nuestro poder. Tenga en cuenta que al facilitarnos activamente sus datos personales de cualquier forma, garantiza que son verdaderos y exactos y se compromete a informarnos de cualquier cambio o modificaci\u00f3n de los mismos.<\/p>\n\n\n\n<p>Solicitarnos que eliminemos sus datos en la medida en que ya no sean necesarios para los fines para los que debemos tratarlos, tal y como le hemos informado previamente, o en la medida en que ya no estemos autorizados a hacerlo.<\/p>\n\n\n\n<p>Solicitarnos que restrinjamos el tratamiento de sus datos, lo que significa que, en determinados casos, puede solicitarnos que dejemos de tratar sus datos temporalmente o que los conservemos m\u00e1s tiempo del necesario cuando lo necesite. Si nos ha dado su consentimiento para tratar sus datos con cualquier finalidad, tambi\u00e9n tiene derecho a retirar su consentimiento en cualquier momento.<\/p>\n\n\n\n<p>Adem\u00e1s, si el tratamiento de sus datos se basa en nuestro inter\u00e9s leg\u00edtimo, tambi\u00e9n tiene derecho a oponerse al tratamiento de sus datos.<\/p>\n\n\n\n<p>Por \u00faltimo, le informamos de su derecho a presentar una reclamaci\u00f3n ante la autoridad de control competente en materia de protecci\u00f3n de datos, en particular la Agencia Espa\u00f1ola de Protecci\u00f3n de Datos https:\/\/www.agpd.es\/portalwebAGPD\/index-ides-idphp.php.<\/p>\n\n\n\n<p><strong>MODIFICACIONES DE LA POL\u00cdTICA DE CONFIDENCIALIDAD.<\/strong><\/p>\n\n\n\n<p>La informaci\u00f3n contenida en la presente pol\u00edtica de privacidad puede modificarse ocasionalmente. Si lo hacemos, le informaremos de diversas formas a trav\u00e9s de la plataforma o le notificaremos a su direcci\u00f3n de correo electr\u00f3nico cuando el cambio en cuesti\u00f3n sea importante para su privacidad, de modo que pueda revisar los cambios, evaluarlos y, si lo desea, oponerse o darse de baja de cualquier servicio o funci\u00f3n.<\/p>\n\n\n\n<p><strong>INFORMACI\u00d3N SOBRE LAS COOKIES<\/strong><\/p>\n\n\n\n<p>Utilizamos cookies y dispositivos similares para facilitar su navegaci\u00f3n por la Plataforma, para saber c\u00f3mo interact\u00faa con nosotros y, en algunos casos, para poder mostrarle anuncios basados en sus h\u00e1bitos de navegaci\u00f3n. Lea nuestra pol\u00edtica de cookies para obtener m\u00e1s informaci\u00f3n sobre las cookies y los dispositivos similares que utilizamos, su finalidad y otra informaci\u00f3n de inter\u00e9s.<\/p>","protected":false},"excerpt":{"rendered":"<p>QUI EST LE RESPONSABLE DU TRAITEMENT DES DONN\u00c9ES? RESPONSABLE DU TRAITEMENT DE VOS DONN\u00c9ES est : Titre : F\u00e9d\u00e9ration Culturelle Gnostique Samael Aun Weor de Suisse Adresse : Gen\u00e8ve 41, avenue du Lignon 1er \u00e9tage 1219 Le Lignon\/Gen\u00e8ve Courriel : info@gnosissuisse.ch QUEL TYPE DE DONN\u00c9ES TRAITONS-NOUS? En fonction des produits, services ou fonctionnalit\u00e9s que vous [&hellip;]<\/p>","protected":false},"author":7,"featured_media":0,"parent":0,"menu_order":0,"comment_status":"closed","ping_status":"closed","template":"","meta":{"footnotes":""},"class_list":["post-4186","page","type-page","status-publish","hentry"],"_links":{"self":[{"href":"https:\/\/gnosissuisse.ch\/es\/wp-json\/wp\/v2\/pages\/4186","targetHints":{"allow":["GET"]}}],"collection":[{"href":"https:\/\/gnosissuisse.ch\/es\/wp-json\/wp\/v2\/pages"}],"about":[{"href":"https:\/\/gnosissuisse.ch\/es\/wp-json\/wp\/v2\/types\/page"}],"author":[{"embeddable":true,"href":"https:\/\/gnosissuisse.ch\/es\/wp-json\/wp\/v2\/users\/7"}],"replies":[{"embeddable":true,"href":"https:\/\/gnosissuisse.ch\/es\/wp-json\/wp\/v2\/comments?post=4186"}],"version-history":[{"count":2,"href":"https:\/\/gnosissuisse.ch\/es\/wp-json\/wp\/v2\/pages\/4186\/revisions"}],"predecessor-version":[{"id":4460,"href":"https:\/\/gnosissuisse.ch\/es\/wp-json\/wp\/v2\/pages\/4186\/revisions\/4460"}],"wp:attachment":[{"href":"https:\/\/gnosissuisse.ch\/es\/wp-json\/wp\/v2\/media?parent=4186"}],"curies":[{"name":"wp","href":"https:\/\/api.w.org\/{rel}","templated":true}]}}