{"id":4184,"date":"2022-09-16T16:34:44","date_gmt":"2022-09-16T14:34:44","guid":{"rendered":"https:\/\/gnosissuisse.ch\/?page_id=4184"},"modified":"2022-10-30T18:55:52","modified_gmt":"2022-10-30T16:55:52","slug":"aviso-legal","status":"publish","type":"page","link":"https:\/\/gnosissuisse.ch\/es\/aviso-legal\/","title":{"rendered":"Informaci\u00f3n legal"},"content":{"rendered":"<p>Lea todas las secciones de este aviso legal antes de utilizar este sitio web. Los siguientes t\u00e9rminos y condiciones son vinculantes para todos los usuarios de este sitio web.<\/p>\n\n\n\n<p>En cumplimiento de la obligaci\u00f3n informativa prevista en la Ley 34\/2002, de 11 de julio, de Servicios de la Sociedad de la Informaci\u00f3n y de Comercio Electr\u00f3nico (LSSI-CE), a continuaci\u00f3n se ofrece informaci\u00f3n general sobre este sitio web.<\/p>\n\n\n\n<p>El objetivo de este texto es explicar detalladamente las funcionalidades de este sitio web y proporcionar a ustedes informaci\u00f3n sobre el propietario del sitio y la finalidad de los contenidos que incluye.<\/p>\n\n\n\n<p><strong>DATOS DE IDENTIFICACI\u00d3N<\/strong><\/p>\n\n\n\n<p>El presente aviso legal regula el uso del servicio del sitio web www.promaine.com inform\u00e1ndole, de conformidad con la Ley 34\/2002, de 11 de julio, de Servicios de la Sociedad de la Informaci\u00f3n y de Comercio Electr\u00f3nico, de los siguientes aspectos:<\/p>\n\n\n\n<p><strong>T\u00edtulo <\/strong>: Federaci\u00f3n Cultural Gn\u00f3stica Samael Aun Weor de Suiza<\/p>\n\n\n\n<p><strong>Direcci\u00f3n <\/strong>: Ginebra, 41, avenue du Lignon, 1.\u00aa planta, 1219 Le Lignon\/Ginebra<\/p>\n\n\n\n<p><strong>Correo electr\u00f3nico <\/strong>: <a href=\"mailto:gnosis@gnosisitalia.eu\"><a href=\"mailto:gnosis@gnosisitalia.eu\">info@gnosissuisse.ch<\/a><\/a><\/p>\n\n\n\n<p>La empresa Nombre, en adelante denominada \u201cNombre\u201d, tiene la intenci\u00f3n de utilizar su sitio web para dar a conocer su actividad y ofrecer la posibilidad de ponerse en contacto con nosotros, realizar consultas, suscribirse a nuestra revista y comunicarnos sus quejas y reclamaciones.<\/p>\n\n\n\n<p>El presente documento tiene por objeto definir las condiciones generales de uso del sitio web. Las condiciones generales deben ser aceptadas y respetadas por todos los usuarios que deseen utilizar el sitio web.<\/p>\n\n\n\n<p><strong>USO DEL SITIO WEB Y OBLIGACIONES DEL USUARIO.<\/strong><\/p>\n\n\n\n<p>El usuario se compromete a utilizar el sitio web, sus contenidos y servicios sin infringir la legislaci\u00f3n vigente, los usos generalmente aceptados y el orden p\u00fablico. Queda prohibido utilizar el sitio web con fines il\u00edcitos o lesivos de Rodrigo Promotoreso o de terceros, que de cualquier forma puedan causar da\u00f1os o impedir el normal aprovechamiento del sitio web.<\/p>\n\n\n\n<p>Numero garantiza que los contenidos y servicios ofrecidos por el portal respetan el principio de dignidad personal, la protecci\u00f3n de los j\u00f3venes y los ni\u00f1os, y la no discriminaci\u00f3n por motivos de raza, sexo, religi\u00f3n, opini\u00f3n, nacionalidad, discapacidad o cualquier otro aspecto personal o social.<\/p>\n\n\n\n<p>Las presentes condiciones generales de uso del sitio web no otorgan a ustedes ning\u00fan otro derecho de uso, modificaci\u00f3n, explotaci\u00f3n, reproducci\u00f3n, distribuci\u00f3n o comunicaci\u00f3n p\u00fablica de los contenidos del sitio web que no sean los expresamente previstos en las mismas.<\/p>\n\n\n\n<p>Los contenidos (informaciones, archivos de audio y\/o imagen, fotograf\u00edas, dise\u00f1os, etc.) presentes en el portal son propiedad de Rodrigo Promotores o est\u00e1n debidamente autorizados para su difusi\u00f3n por sus leg\u00edtimos propietarios.<\/p>\n\n\n\n<p>El nombre se compromete a no realizar publicidad enga\u00f1osa y, por lo tanto, queda prohibido:<\/p>\n\n\n\n<p>Uso con fines comerciales o publicitarios distintos de los estrictamente autorizados. Reproducci\u00f3n, publicaci\u00f3n, distribuci\u00f3n o modificaci\u00f3n, total o parcial, sin la autorizaci\u00f3n previa por escrito de los titulares de los derechos o en los casos autorizados por la ley.<\/p>\n\n\n\n<p>Cualquier vulneraci\u00f3n de los derechos del Nombre o de los titulares de los derechos.<\/p>\n\n\n\n<p><strong>PROPIEDAD INTELECTUAL E INDUSTRIAL<\/strong><\/p>\n\n\n\n<p>El usuario reconoce y acepta que todos los derechos de propiedad industrial e intelectual sobre los contenidos y\/o cualquier otro elemento incluido en el sitio web pertenecen a Rodrigo Promotores o que est\u00e1 debidamente autorizado para difundirlos en este sitio web.<\/p>\n\n\n\n<p>En caso de que un usuario o un tercero considere que se han vulnerado sus leg\u00edtimos derechos de propiedad intelectual o industrial por la introducci\u00f3n de determinados contenidos en el sitio web, deber\u00e1 notificarlo enviando un correo electr\u00f3nico a: info@gnosissuisse.ch<\/p>\n\n\n\n<p>Datos personales del interesado que es titular de los derechos presuntamente vulnerados, o indicar la representaci\u00f3n bajo la que act\u00faa si la reclamaci\u00f3n es presentada por un tercero distinto del interesado.<\/p>\n\n\n\n<p>Indique el contenido protegido por derechos de propiedad intelectual y su ubicaci\u00f3n en el sitio web, la acreditaci\u00f3n de los derechos de propiedad intelectual indicados y una declaraci\u00f3n expl\u00edcita en la que el interesado asuma la responsabilidad de la veracidad de la informaci\u00f3n proporcionada en la notificaci\u00f3n.<\/p>\n\n\n\n<p><strong>ENLACE<\/strong><\/p>\n\n\n\n<p>Este sitio web proporciona enlaces a otros sitios web y contenidos pertenecientes a terceros.<\/p>\n\n\n\n<p>El \u00fanico objetivo de estos enlaces es ofrecerle la posibilidad de acceder a ellos. Rodrigo Promotores no asume ninguna responsabilidad por los resultados que usted pueda obtener al acceder a ellos.<\/p>\n\n\n\n<p>Los usuarios que deseen establecer un enlace t\u00e9cnico entre su sitio web y el portal deben obtener la autorizaci\u00f3n previa por escrito de Name. El establecimiento del enlace no implica en ning\u00fan caso la existencia de ninguna relaci\u00f3n entre Name y el propietario del sitio donde se establece.<\/p>\n\n\n\n<p>enlace, ni la aceptaci\u00f3n o aprobaci\u00f3n por parte de Rodrigo Promotores de sus contenidos o servicios.<\/p>\n\n\n\n<p>El sitio web en el que se establece el enlace no debe contener ninguna marca, nombre, logotipo, eslogan u otro signo distintivo perteneciente a N\u00famero, salvo aquellos expresamente autorizados.<\/p>\n\n\n\n<p>Numero se reserva el derecho de modificar la presentaci\u00f3n y el dise\u00f1o del sitio web, as\u00ed como los presentes avisos legales, en cualquier momento y sin previo aviso.<\/p>\n\n\n\n<p><strong>EXCLUSI\u00d3N DE GARANT\u00cdAS Y RESPONSABILIDAD<\/strong><\/p>\n\n\n\n<p>Nombre no ofrece ninguna garant\u00eda y no se hace responsable en ning\u00fan caso de los da\u00f1os de cualquier naturaleza que pudieran derivarse de:<\/p>\n\n\n\n<p>La falta de disponibilidad, mantenimiento y funcionamiento eficaz del sitio web y\/o de sus servicios o contenidos.<\/p>\n\n\n\n<p>La existencia de virus, programas da\u00f1inos o maliciosos en los contenidos.<\/p>\n\n\n\n<p>El uso il\u00edcito, negligente, fraudulento, contrario a las presentes condiciones, a la buena fe, a los usos generalmente aceptados o al orden p\u00fablico, del sitio web, de sus servicios o de su contenido por parte de ustedes.<\/p>\n\n\n\n<p><strong>TRATAMIENTO DE DATOS PERSONALES<\/strong><\/p>\n\n\n\n<p>Nombre, tal y como se indica en su pol\u00edtica de privacidad disponible en este sitio web, ha adoptado los niveles de seguridad adecuados para los datos que trata y gestiona, incorporando todos los medios y medidas t\u00e9cnicas a su alcance para garantizar la confidencialidad, evitar abusos, p\u00e9rdidas, alteraciones, accesos no autorizados y robos.<\/p>\n\n\n\n<p><strong>LEY Y JURISDICCI\u00d3N APLICABLES<\/strong><\/p>\n\n\n\n<p>Las presentes condiciones se rigen por la legislaci\u00f3n espa\u00f1ola y cualquier controversia derivada del acceso al sitio web se someter\u00e1 a los juzgados y tribunales de la ciudad de MURCIA (Espa\u00f1a).<\/p>\n\n\n\n<p><strong>CONTACTO<\/strong> Si tiene alguna pregunta o comentario sobre este aviso legal, p\u00f3ngase en contacto con <a href=\"mailto:gnosis@gnosisitalia.eu\">info@gnosissuisse.ch<\/a> o enviar una comunicaci\u00f3n escrita a la direcci\u00f3n indicada en el encabezado.<\/p>","protected":false},"excerpt":{"rendered":"<p>Lea todas las secciones de este aviso legal antes de utilizar este sitio web. Los siguientes t\u00e9rminos y condiciones son vinculantes para todos los usuarios de este sitio web. En cumplimiento con el deber de informaci\u00f3n recogido en la Ley 34\/2002, de 11 de julio, de servicios de la sociedad de la informaci\u00f3n y de comercio electr\u00f3nico (LSSI-CE), encontrar\u00e1 [...]<\/p>","protected":false},"author":7,"featured_media":0,"parent":0,"menu_order":0,"comment_status":"closed","ping_status":"closed","template":"","meta":{"footnotes":""},"class_list":["post-4184","page","type-page","status-publish","hentry"],"_links":{"self":[{"href":"https:\/\/gnosissuisse.ch\/es\/wp-json\/wp\/v2\/pages\/4184","targetHints":{"allow":["GET"]}}],"collection":[{"href":"https:\/\/gnosissuisse.ch\/es\/wp-json\/wp\/v2\/pages"}],"about":[{"href":"https:\/\/gnosissuisse.ch\/es\/wp-json\/wp\/v2\/types\/page"}],"author":[{"embeddable":true,"href":"https:\/\/gnosissuisse.ch\/es\/wp-json\/wp\/v2\/users\/7"}],"replies":[{"embeddable":true,"href":"https:\/\/gnosissuisse.ch\/es\/wp-json\/wp\/v2\/comments?post=4184"}],"version-history":[{"count":3,"href":"https:\/\/gnosissuisse.ch\/es\/wp-json\/wp\/v2\/pages\/4184\/revisions"}],"predecessor-version":[{"id":4461,"href":"https:\/\/gnosissuisse.ch\/es\/wp-json\/wp\/v2\/pages\/4184\/revisions\/4461"}],"wp:attachment":[{"href":"https:\/\/gnosissuisse.ch\/es\/wp-json\/wp\/v2\/media?parent=4184"}],"curies":[{"name":"wp","href":"https:\/\/api.w.org\/{rel}","templated":true}]}}