{"id":3269,"date":"2022-07-04T14:18:54","date_gmt":"2022-07-04T12:18:54","guid":{"rendered":"https:\/\/gnosissuisse.ch\/?page_id=3269"},"modified":"2026-02-16T12:11:34","modified_gmt":"2026-02-16T10:11:34","slug":"que-es-la-gnosis","status":"publish","type":"page","link":"https:\/\/gnosissuisse.ch\/es\/que-es-la-gnosis\/","title":{"rendered":"Qu&#8217;est-ce que Gnosis?"},"content":{"rendered":"<div data-elementor-type=\"wp-page\" data-elementor-id=\"3269\" class=\"elementor elementor-3269\" data-elementor-post-type=\"page\">\n\t\t\t\t<div class=\"elementor-element elementor-element-ad768f5 e-flex e-con-boxed e-con e-parent\" data-id=\"ad768f5\" data-element_type=\"container\" data-e-type=\"container\" data-settings=\"{&quot;background_background&quot;:&quot;classic&quot;}\">\n\t\t\t\t\t<div class=\"e-con-inner\">\n\t\t<div class=\"elementor-element elementor-element-cab3d09 e-con-full e-flex e-con e-child\" data-id=\"cab3d09\" data-element_type=\"container\" data-e-type=\"container\">\n\t\t\t\t<div class=\"elementor-element elementor-element-7af5b40 text-center elementor-widget elementor-widget-tp-heading-title\" data-id=\"7af5b40\" data-element_type=\"widget\" data-e-type=\"widget\" data-widget_type=\"tp-heading-title.default\">\n\t\t\t\t<div class=\"elementor-widget-container\">\n\t\t\t\t\t<div class=\"heading heading_style heading_style69d6ec5274af7 style-1\"  data-tp-gsap-heading-text=\"\" data-tp-gsap-sub-heading-text=\"\"><div class=\"sub-style\" ><div class=\"head-title heading-mobile-center\" > <h2  class=\"heading-title heading-mobile-center\"  data-hover=\"Qu&#039;est-ce que Gnosis?\">\u00bfQu\u00e9 es Gnosis?<span class=\"title-s\">  <\/span><\/h2><\/div><\/div><\/div>\t\t\t\t<\/div>\n\t\t\t\t<\/div>\n\t\t\t\t<div class=\"elementor-element elementor-element-229c0f8 elementor-widget elementor-widget-text-editor\" data-id=\"229c0f8\" data-element_type=\"widget\" data-e-type=\"widget\" data-widget_type=\"text-editor.default\">\n\t\t\t\t<div class=\"elementor-widget-container\">\n\t\t\t\t\t\t\t\t\t<p>La Gnosis (del griego: conocimiento) es el conocimiento objetivo y real del hombre, del universo y de las leyes que lo rigen. Si el hombre se conoce profundamente a s\u00ed mismo, si sabe qu\u00e9 es su vida, qu\u00e9 leyes la rigen, cu\u00e1l es el prop\u00f3sito de su existencia, entonces es capaz de producir conscientemente cambios favorables en su vida.<\/p><p>\u00ab <em>Saberse id\u00e9ntico al propio Pneuma o Esp\u00edritu; experimentar directamente la identidad entre lo conocido y lo conocedor. Esto es lo que podemos y debemos definir como autognosis.<\/em>\u00a0\u00bb. VM Samael Aum Weor.<\/p>\t\t\t\t\t\t\t\t<\/div>\n\t\t\t\t<\/div>\n\t\t\t\t<\/div>\n\t\t<div class=\"elementor-element elementor-element-bbbd21b e-flex e-con-boxed e-con e-child\" data-id=\"bbbd21b\" data-element_type=\"container\" data-e-type=\"container\" data-settings=\"{&quot;background_background&quot;:&quot;classic&quot;}\">\n\t\t\t\t\t<div class=\"e-con-inner\">\n\t\t\t\t\t<\/div>\n\t\t\t\t<\/div>\n\t\t\t\t\t<\/div>\n\t\t\t\t<\/div>\n\t\t<div class=\"elementor-element elementor-element-6efa204 e-flex e-con-boxed e-con e-parent\" data-id=\"6efa204\" data-element_type=\"container\" data-e-type=\"container\" data-settings=\"{&quot;background_background&quot;:&quot;classic&quot;}\">\n\t\t\t\t\t<div class=\"e-con-inner\">\n\t\t<div class=\"elementor-element elementor-element-cb68e85 e-con-full e-flex e-con e-child\" data-id=\"cb68e85\" data-element_type=\"container\" data-e-type=\"container\">\n\t\t\t\t<div class=\"elementor-element elementor-element-f420aa9 elementor-widget elementor-widget-image\" data-id=\"f420aa9\" data-element_type=\"widget\" data-e-type=\"widget\" data-widget_type=\"image.default\">\n\t\t\t\t<div class=\"elementor-widget-container\">\n\t\t\t\t\t\t\t\t\t\t\t\t\t\t\t<img fetchpriority=\"high\" decoding=\"async\" width=\"800\" height=\"800\" src=\"https:\/\/gnosissuisse.ch\/wp-content\/uploads\/2022\/07\/temple_nosce_te_ipsum-1024x1024.png\" class=\"attachment-large size-large wp-image-3708\" alt=\"\" srcset=\"https:\/\/gnosissuisse.ch\/wp-content\/uploads\/2022\/07\/temple_nosce_te_ipsum-1024x1024.png 1024w, https:\/\/gnosissuisse.ch\/wp-content\/uploads\/2022\/07\/temple_nosce_te_ipsum-300x300.png 300w, https:\/\/gnosissuisse.ch\/wp-content\/uploads\/2022\/07\/temple_nosce_te_ipsum-150x150.png 150w, https:\/\/gnosissuisse.ch\/wp-content\/uploads\/2022\/07\/temple_nosce_te_ipsum-768x768.png 768w, https:\/\/gnosissuisse.ch\/wp-content\/uploads\/2022\/07\/temple_nosce_te_ipsum-700x700.png 700w, https:\/\/gnosissuisse.ch\/wp-content\/uploads\/2022\/07\/temple_nosce_te_ipsum-920x920.png 920w, https:\/\/gnosissuisse.ch\/wp-content\/uploads\/2022\/07\/temple_nosce_te_ipsum-230x230.png 230w, https:\/\/gnosissuisse.ch\/wp-content\/uploads\/2022\/07\/temple_nosce_te_ipsum-350x350.png 350w, https:\/\/gnosissuisse.ch\/wp-content\/uploads\/2022\/07\/temple_nosce_te_ipsum-480x480.png 480w, https:\/\/gnosissuisse.ch\/wp-content\/uploads\/2022\/07\/temple_nosce_te_ipsum.png 1080w\" sizes=\"(max-width: 800px) 100vw, 800px\" \/>\t\t\t\t\t\t\t\t\t\t\t\t\t\t\t<\/div>\n\t\t\t\t<\/div>\n\t\t\t\t<\/div>\n\t\t<div class=\"elementor-element elementor-element-41a4a9c e-con-full e-flex e-con e-child\" data-id=\"41a4a9c\" data-element_type=\"container\" data-e-type=\"container\">\n\t\t\t\t<div class=\"elementor-element elementor-element-0c4aeb2 elementor-widget elementor-widget-text-editor\" data-id=\"0c4aeb2\" data-element_type=\"widget\" data-e-type=\"widget\" data-widget_type=\"text-editor.default\">\n\t\t\t\t<div class=\"elementor-widget-container\">\n\t\t\t\t\t\t\t\t\t<p class=\"translation-block\"><span class=\"react-editor-token react-editor-text-token\" data-token-id=\"8\">La<\/span> <span class=\"react-editor-token react-editor-text-token\" data-token-id=\"10\">Gnosis<\/span> <span class=\"react-editor-token react-editor-text-token\" data-token-id=\"12\">se basa<\/span> <span class=\"react-editor-token react-editor-text-token\" data-token-id=\"14\">en<\/span> <span class=\"react-editor-token react-editor-text-token\" data-token-id=\"16\">4<\/span> <span class=\"react-editor-token react-editor-text-token\" data-token-id=\"18\">pilares<\/span> <span class=\"react-editor-token react-editor-text-token\" data-token-id=\"20\">que<\/span> <span class=\"react-editor-token react-editor-text-token\" data-token-id=\"22\">conducen<\/span> <span class=\"react-editor-token react-editor-text-token\" data-token-id=\"24\">al Ser <\/span><span class=\"react-editor-token react-editor-text-token\" data-token-id=\"26\">Humano<\/span> <span class=\"react-editor-token react-editor-text-token\" data-token-id=\"28\">a<\/span> <span class=\"react-editor-token react-editor-text-token\" data-token-id=\"30\">la<\/span> <span class=\"react-editor-token react-editor-text-token\" data-token-id=\"32\">sabidur\u00eda<\/span> <span class=\"react-editor-token react-editor-text-token\" data-token-id=\"34\">:<\/span> <span class=\"react-editor-token react-editor-text-token\" data-token-id=\"36\">el Arte,<\/span> <span class=\"react-editor-token react-editor-text-token\" data-token-id=\"38\">la<\/span> <span class=\"react-editor-token react-editor-text-token\" data-token-id=\"40\">ciencia,<\/span> <span class=\"react-editor-token react-editor-text-token\" data-token-id=\"42\">la<\/span> <span class=\"react-editor-token react-editor-text-token\" data-token-id=\"44\">filosof\u00eda<\/span> <span class=\"react-editor-token react-editor-text-token\" data-token-id=\"46\">y <\/span><span class=\"react-editor-token react-editor-text-token\" data-token-id=\"48\">la<\/span> <span class=\"react-editor-token react-editor-text-token\" data-token-id=\"50\">religi\u00f3n.<\/span><\/p><p><span class=\"react-editor-token react-editor-text-token\" data-token-id=\"50\"><strong> Ciencia<\/strong>: <\/span><\/p><p class=\"translation-block\">A trav\u00e9s de los elementos m\u00e1s importantes de la ciencia, que son la pr\u00e1ctica y la experimentaci\u00f3n, buscamos adquirir conocimiento directo mediante la observaci\u00f3n y el estudio de los diferentes sistemas de la naturaleza y del hombre, para poder analizar, estudiar y comprender el complejo mecanismo humano.<\/p><p><span class=\"react-editor-token react-editor-text-token\" data-token-id=\"290\"><strong>Arte<\/strong>: <\/span><\/p><p>Es la b\u00fasqueda de la belleza en todas sus manifestaciones. Se ve que este conocimiento ha dado origen a todas las artes, la escultura, la pintura, la m\u00fasica selecta, la poes\u00eda, las letras, los deportes sanos y equilibrados, todo lo que es de orden espiritual y que activa los centros superiores del ser humano y los lleva a un estado muy armonioso, profundo.<\/p><p><span class=\"react-editor-token react-editor-text-token\" data-token-id=\"142\"><strong>Filosof\u00eda<\/strong>: <\/span><\/p><p class=\"translation-block\">La filosof\u00eda busca transformar la percepci\u00f3n, creando en las personas las razones necesarias para cambiar su estilo de vida. Practicar la filosof\u00eda significa aprender a reflexionar y pensar por uno mismo, contemplando la naturaleza, el universo y las circunstancias con la intenci\u00f3n de descubrir el misterio inherente a todo. En otras palabras, la filosof\u00eda es tanto la b\u00fasqueda de respuestas como la comprensi\u00f3n que adquirimos para vivir con sabidur\u00eda.<\/p><p><span class=\"react-editor-token react-editor-text-token\" data-token-id=\"438\"><strong>Religi\u00f3n<\/strong>:<\/span><\/p><p class=\"translation-block\">Es necesario comprender el t\u00e9rmino \u00abreligi\u00f3n\u00bb y el significado original y etimol\u00f3gico de esta palabra. Religi\u00f3n proviene del lat\u00edn \u00abre-ligare\u00bb, reconectar, es decir, volver a unirse con lo divino que hay en el propio ser humano. La Gnosis como religi\u00f3n busca estudiar el significado profundo que existe en los mitos religiosos, detr\u00e1s de los s\u00edmbolos, detr\u00e1s de las diferentes formas religiosas. As\u00ed, la Gnosis como religi\u00f3n busca la reintegraci\u00f3n del hombre con las fuerzas superiores que existen en el universo y dentro del propio ser humano, buscando para ello la ciencia que existe en las religiones. La Gnosis ense\u00f1a LA DOCTRINA DE LA S\u00cdNTESIS, ya que sintetiza los conocimientos para hacerlos pr\u00e1cticos y accesibles a todos.<\/p>\t\t\t\t\t\t\t\t<\/div>\n\t\t\t\t<\/div>\n\t\t\t\t<\/div>\n\t\t<div class=\"elementor-element elementor-element-552819b e-con-full e-flex e-con e-child\" data-id=\"552819b\" data-element_type=\"container\" data-e-type=\"container\">\n\t\t\t\t<div class=\"elementor-element elementor-element-af5ca4e text-center elementor-widget elementor-widget-tp-heading-title\" data-id=\"af5ca4e\" data-element_type=\"widget\" data-e-type=\"widget\" data-widget_type=\"tp-heading-title.default\">\n\t\t\t\t<div class=\"elementor-widget-container\">\n\t\t\t\t\t<div class=\"heading heading_style heading_style69d6ec52769a6 style-1\"  data-tp-gsap-heading-text=\"\" data-tp-gsap-sub-heading-text=\"\"><div class=\"sub-style\" ><div class=\"head-title heading-mobile-center\" > <h2  class=\"heading-title heading-mobile-center\"  data-hover=\"LES 4 PILIERS DU SAVOIR\">LOS 4 PILARES DEL CONOCIMIENTO<span class=\"title-s\">  <\/span><\/h2><\/div><\/div><\/div>\t\t\t\t<\/div>\n\t\t\t\t<\/div>\n\t\t\t\t<\/div>\n\t\t\t\t\t<\/div>\n\t\t\t\t<\/div>\n\t\t<div class=\"elementor-element elementor-element-c122809 e-flex e-con-boxed e-con e-parent\" data-id=\"c122809\" data-element_type=\"container\" data-e-type=\"container\" data-settings=\"{&quot;background_background&quot;:&quot;classic&quot;}\">\n\t\t\t\t\t<div class=\"e-con-inner\">\n\t\t<div class=\"elementor-element elementor-element-a8a7baf e-con-full e-flex e-con e-child\" data-id=\"a8a7baf\" data-element_type=\"container\" data-e-type=\"container\">\n\t\t\t\t<div class=\"elementor-element elementor-element-b0c23d3 elementor-widget elementor-widget-image\" data-id=\"b0c23d3\" data-element_type=\"widget\" data-e-type=\"widget\" data-widget_type=\"image.default\">\n\t\t\t\t<div class=\"elementor-widget-container\">\n\t\t\t\t\t\t\t\t\t\t\t\t\t\t\t<img decoding=\"async\" width=\"540\" height=\"540\" src=\"https:\/\/gnosissuisse.ch\/wp-content\/uploads\/2022\/07\/star.png\" class=\"attachment-large size-large wp-image-3718\" alt=\"\" srcset=\"https:\/\/gnosissuisse.ch\/wp-content\/uploads\/2022\/07\/star.png 540w, https:\/\/gnosissuisse.ch\/wp-content\/uploads\/2022\/07\/star-300x300.png 300w, https:\/\/gnosissuisse.ch\/wp-content\/uploads\/2022\/07\/star-150x150.png 150w, https:\/\/gnosissuisse.ch\/wp-content\/uploads\/2022\/07\/star-230x230.png 230w, https:\/\/gnosissuisse.ch\/wp-content\/uploads\/2022\/07\/star-350x350.png 350w, https:\/\/gnosissuisse.ch\/wp-content\/uploads\/2022\/07\/star-480x480.png 480w\" sizes=\"(max-width: 540px) 100vw, 540px\" \/>\t\t\t\t\t\t\t\t\t\t\t\t\t\t\t<\/div>\n\t\t\t\t<\/div>\n\t\t\t\t<div class=\"elementor-element elementor-element-8ac149c text-center elementor-widget elementor-widget-tp-heading-title\" data-id=\"8ac149c\" data-element_type=\"widget\" data-e-type=\"widget\" data-widget_type=\"tp-heading-title.default\">\n\t\t\t\t<div class=\"elementor-widget-container\">\n\t\t\t\t\t<div class=\"heading heading_style heading_style69d6ec52772e0 style-1\"  data-tp-gsap-heading-text=\"\" data-tp-gsap-sub-heading-text=\"\"><div class=\"sub-style\" ><div class=\"head-title heading-mobile-center\" > <h2  class=\"heading-title heading-mobile-center\"  data-hover=\"CONNAISSANCE DE SOI\">CONOCIMIENTO DE S\u00cd MISMO<span class=\"title-s\">  <\/span><\/h2><\/div><\/div><\/div>\t\t\t\t<\/div>\n\t\t\t\t<\/div>\n\t\t\t\t<div class=\"elementor-element elementor-element-cada4bd elementor-widget elementor-widget-text-editor\" data-id=\"cada4bd\" data-element_type=\"widget\" data-e-type=\"widget\" data-widget_type=\"text-editor.default\">\n\t\t\t\t<div class=\"elementor-widget-container\">\n\t\t\t\t\t\t\t\t\t<p class=\"translation-block\">La experiencia gn\u00f3stica permite al estudiante sincero, de conocerse y de realizarse plenamente. Es necesario comprender por \u00abautorrealizaci\u00f3n\u00bb, el desarrollo armonioso de todas las posibilidades infinitas del ser humano.<\/p>\t\t\t\t\t\t\t\t<\/div>\n\t\t\t\t<\/div>\n\t\t\t\t<\/div>\n\t\t\t\t\t<\/div>\n\t\t\t\t<\/div>\n\t\t\t\t<\/div>","protected":false},"excerpt":{"rendered":"<p>Qu&#8217;est-ce que Gnosis? La Gnosis (du grec : connaissance) est la connaissance objective et r\u00e9elle de l&#8217;homme, de l&#8217;univers et des lois qui le r\u00e9gissent. Si l&#8217;homme se conna\u00eet profond\u00e9ment, s&#8217;il sait ce qu&#8217;est sa vie, quelles lois la r\u00e9gissent, quel est le but de son existence, alors il est capable de produire consciemment des [&hellip;]<\/p>","protected":false},"author":7,"featured_media":0,"parent":0,"menu_order":0,"comment_status":"closed","ping_status":"closed","template":"","meta":{"footnotes":""},"class_list":["post-3269","page","type-page","status-publish","hentry"],"_links":{"self":[{"href":"https:\/\/gnosissuisse.ch\/es\/wp-json\/wp\/v2\/pages\/3269","targetHints":{"allow":["GET"]}}],"collection":[{"href":"https:\/\/gnosissuisse.ch\/es\/wp-json\/wp\/v2\/pages"}],"about":[{"href":"https:\/\/gnosissuisse.ch\/es\/wp-json\/wp\/v2\/types\/page"}],"author":[{"embeddable":true,"href":"https:\/\/gnosissuisse.ch\/es\/wp-json\/wp\/v2\/users\/7"}],"replies":[{"embeddable":true,"href":"https:\/\/gnosissuisse.ch\/es\/wp-json\/wp\/v2\/comments?post=3269"}],"version-history":[{"count":218,"href":"https:\/\/gnosissuisse.ch\/es\/wp-json\/wp\/v2\/pages\/3269\/revisions"}],"predecessor-version":[{"id":5706,"href":"https:\/\/gnosissuisse.ch\/es\/wp-json\/wp\/v2\/pages\/3269\/revisions\/5706"}],"wp:attachment":[{"href":"https:\/\/gnosissuisse.ch\/es\/wp-json\/wp\/v2\/media?parent=3269"}],"curies":[{"name":"wp","href":"https:\/\/api.w.org\/{rel}","templated":true}]}}