{"id":4188,"date":"2022-09-16T16:34:44","date_gmt":"2022-09-16T14:34:44","guid":{"rendered":"https:\/\/gnosissuisse.ch\/?page_id=4188"},"modified":"2022-10-30T18:56:12","modified_gmt":"2022-10-30T16:56:12","slug":"cookie-richtlinie","status":"publish","type":"page","link":"https:\/\/gnosissuisse.ch\/de\/cookie-richtlinie\/","title":{"rendered":"Cookie-Richtlinie"},"content":{"rendered":"<p><strong>Definition von Cookies<\/strong><\/p>\n\n\n\n<p>Cookies sind Identifikatoren, die wir \u00fcber Ihren Webbrowser an die Festplatte Ihres Computers senden, damit unsere Systeme Ihren Browser erkennen und Ihnen bestimmte Dienste anbieten k\u00f6nnen.<\/p>\n\n\n\n<p>Diese Website verwendet verschiedene Arten von Cookies. Einige Cookies werden von Drittanbietern gesetzt, die auf unseren Seiten erscheinen.<\/p>\n\n\n\n<p>Die von dieser Website verwendeten Cookies sind nachfolgend aufgef\u00fchrt: Name<\/p>\n\n\n\n<p><strong>VERWENDETE COOKIES<\/strong><\/p>\n\n\n\n<p><strong>Erforderliche Cookies<\/strong><\/p>\n\n\n\n<p>Notwendige Cookies tragen dazu bei, eine Website nutzbar zu machen, indem sie grundlegende Funktionen wie die Navigation auf den Seiten und den Zugriff auf sichere Bereiche der Website erm\u00f6glichen. Ohne diese Cookies kann die Website nicht ordnungsgem\u00e4\u00df funktionieren.<\/p>\n\n\n\n<p><strong>Name des Lieferanten Zweck Aufbewahrungsdauer<\/strong><\/p>\n\n\n\n<p>1P_JAR Google.co.uk Daten\u00fcbertragung an Google. 1 Woche<\/p>\n\n\n\n<p><strong>Einstellungs-Cookies<\/strong><\/p>\n\n\n\n<p>Pr\u00e4ferenz-Cookies erm\u00f6glichen es der Website, Informationen zu speichern, die das Verhalten oder das Erscheinungsbild der Website beeinflussen, wie beispielsweise Ihre bevorzugte Sprache oder die Region, in der Sie sich befinden.<\/p>\n\n\n\n<p>Name des Lieferanten Zweck Aufbewahrungsdauer<\/p>\n\n\n\n<p>Google.com NID Das NID-Cookie enth\u00e4lt eine eindeutige Kennung, die Google verwendet, um die Pr\u00e4ferenzen der Nutzer und andere Informationen zu speichern, wie beispielsweise die bevorzugte Sprache (z. B. Englisch).<\/p>\n\n\n\n<p><strong>Statistik-Cookies<\/strong><\/p>\n\n\n\n<p>Statistik-Cookies unterst\u00fctzen Website-Betreiber dabei, zu verstehen, wie Besucher mit Websites interagieren, indem sie Informationen in anonymisierter Form sammeln und bereitstellen.<\/p>\n\n\n\n<p>Um Google Analytics-Cookies zu deaktivieren, k\u00f6nnen Sie das Browser-Add-on Google Analytics Opt-out installieren, mit dem keine statistischen Informationen gesendet werden. Es ist unter folgendem Link verf\u00fcgbar: https:\/\/tools.google.com\/dlpage\/gaoptout?hl=es.<\/p>\n\n\n\n<p><strong>Name des Lieferanten Zweck Aufbewahrungsdauer<\/strong><\/p>\n\n\n\n<p>Google Analytics Speichert eine eindeutige Kennung, die zur Erstellung statistischer Daten \u00fcber die Nutzung der Website durch den Besucher verwendet wird. 2 Jahre<\/p>\n\n\n\n<p>SIDCC Google Analytics wird zur Bereitstellung von Diensten und zur Erfassung anonymer Informationen \u00fcber das Surfverhalten verwendet. 2 Jahre<\/p>\n\n\n\n<p>SSID Google Maps Damit Google die Anzahl der Nutzer der Karten erfassen kann. 6 Monate<\/p>\n\n\n\n<p>HSID Google Maps F\u00fcr Google, um die Anzahl der Nutzer zu erfassen, die die Karten verwenden. 6 Monate<\/p>\n\n\n\n<p>Die SIDs von Google Maps werden von Google verwendet, um die Pr\u00e4ferenzen und Informationen der Nutzer zu speichern, die Seiten mit Google Maps aufrufen. 2 Jahre<\/p>\n\n\n\n<p>APISID Google Maps Diese Elemente werden von Google verwendet, um die Pr\u00e4ferenzen und Informationen der Nutzer zu speichern, wenn sie Seiten mit Google Maps aufrufen. 2 Jahre<\/p>\n\n\n\n<p>SAPISIC Google Maps Diese Elemente werden von Google verwendet, um die Pr\u00e4ferenzen und Informationen der Nutzer zu speichern, wenn sie Seiten mit Google Maps aufrufen. 2 Jahre<\/p>\n\n\n\n<p><strong>Marketing-Cookies<\/strong><\/p>\n\n\n\n<p>Marketing-Cookies werden verwendet, um Besucher von Websites zu verfolgen. Das Ziel besteht darin, Werbung anzuzeigen, die f\u00fcr den einzelnen Nutzer relevant und attraktiv ist und somit einen h\u00f6heren Wert f\u00fcr Publisher und Drittanbieter hat.<\/p>\n\n\n\n<p><strong>Name des Lieferanten Zweck Aufbewahrungsdauer<\/strong><\/p>\n\n\n\n<p>KONSENS Google.com Verbessert die Werbung, die h\u00e4ufig zur gezielten Ansprache von Nutzern eingesetzt wird. Dauerhaft<\/p>\n\n\n\n<p>Secure-3PAPISID google.com Werbung. Diese Cookies werden verwendet, um Ihnen Werbung anzuzeigen, die f\u00fcr Sie und Ihre Interessen relevanter ist. 2 Jahre<\/p>\n\n\n\n<p>Secure-3PSID Google.com Advertising. Diese Cookies werden verwendet, um Ihnen Werbung anzuzeigen, die f\u00fcr Sie und Ihre Interessen relevanter ist. 2 Jahre<\/p>\n\n\n\n<p>Secure-APISID Google.com-Werbung. Diese Cookies werden verwendet, um dem Nutzer und seinen Interessen besser entsprechende Werbung anzuzeigen. 2 Jahre.<\/p>\n\n\n\n<p>Secure-HSID-Werbung von Google.com. Diese Cookies werden verwendet, um Werbung bereitzustellen, die f\u00fcr den Nutzer und seine Interessen relevanter ist. 2 Jahre.<\/p>\n\n\n\n<p>Secure-SSID Google.com-Werbung. Diese Cookies werden verwendet, um Ihnen Werbung anzuzeigen, die besser auf Sie und Ihre Interessen zugeschnitten ist. 2 Jahre<\/p>\n\n\n\n<p>PREF Youtube.com Dies ist ein Cookie, das die Anzeige- und Sucheinstellungen f\u00fcr YouTube-Videos speichert: bevorzugte Sprache, sicherer Suchfilter usw. 2 Jahre.<\/p>\n\n\n\n<p>VISITOR_INFO1_LIVE Youtube.com Versucht, die Bandbreite des Benutzers auf Seiten mit eingebetteten YouTube-Videos zu berechnen. 179 Tage<\/p>\n\n\n\n<p>YSC Youtube.com speichert eine eindeutige Kennung, um Statistiken \u00fcber die vom Nutzer angesehenen YouTube-Videos zu f\u00fchren. LOGING_INFO Die zu Youtube.com geh\u00f6rende Sitzung von Youtube.com wird in die Videos der Website geladen. 2 Jahre<\/p>\n\n\n\n<p>So aktivieren\/deaktivieren Sie Cookies in den g\u00e4ngigsten Browsern:<\/p>\n\n\n\n<p>Es ist in der Regel m\u00f6glich, Cookies im Browser oder Cookies eines bestimmten Dienstes nicht mehr zu akzeptieren.<\/p>\n\n\n\n<p>Alle modernen Browser erm\u00f6glichen es Ihnen, die Cookie-Einstellungen zu \u00e4ndern. Diese Einstellungen finden Sie in der Regel im Men\u00fc \u201cOptionen\u201d oder \u201cEinstellungen\u201d des Browsers. Sie k\u00f6nnen auch Ihren Browser oder Ihren E-Mail-Anbieter entsprechend konfigurieren.<\/p>\n\n\n\n<p>Nachstehend finden Sie eine Anleitung, wie Sie in den g\u00e4ngigsten Browsern das Men\u00fc f\u00fcr die Cookie-Einstellungen und gegebenenfalls den privaten Modus aufrufen k\u00f6nnen:<\/p>\n\n\n\n<p>Internet Explorer: Extras -&gt; Internetoptionen -&gt; Datenschutz -&gt; Einstellungen. Weitere Informationen finden Sie im Microsoft-Support oder in der Hilfedatei Ihres Browsers.<\/p>\n\n\n\n<p>Firefox: Extras -&gt; Einstellungen -&gt; Datenschutz -&gt; Chronik -&gt; Benutzerdefinierte Einstellungen. Weitere Informationen finden Sie im Mozilla-Support oder in der Hilfedatei Ihres Browsers.<\/p>\n\n\n\n<p>Chrome: Einstellungen -&gt; Erweiterte Optionen anzeigen -&gt; Datenschutz -&gt; Inhaltseinstellungen. Weitere Informationen finden Sie im Google-Support oder in der Hilfe Ihres Browsers.<\/p>\n\n\n\n<p>Safari: Einstellungen -&gt; Sicherheit. Weitere Informationen erhalten Sie beim Apple-Support oder in der Hilfe Ihres Browsers.<\/p>\n\n\n\n<p>Was geschieht, wenn ich Cookies deaktiviere? Bestimmte Funktionen der Dienste werden deaktiviert, wie beispielsweise die Aufrechterhaltung der Verbindung, das Speichern von Eink\u00e4ufen im \u201cWarenkorb\u201d usw.<\/p>","protected":false},"excerpt":{"rendered":"<p>DEFINITION VON COOKIES Cookies sind Kennungen, die wir \u00fcber Ihren Webbrowser auf die Festplatte Ihres Computers senden, damit unsere Systeme Ihren Browser erkennen und Ihnen bestimmte Dienste zur Verf\u00fcgung stellen k\u00f6nnen. Diese Website verwendet verschiedene Arten von Cookies. Einige Cookies werden von Diensten Dritter platziert, die auf der Website erscheinen.<\/p>","protected":false},"author":7,"featured_media":0,"parent":0,"menu_order":0,"comment_status":"closed","ping_status":"closed","template":"","meta":{"footnotes":""},"class_list":["post-4188","page","type-page","status-publish","hentry"],"_links":{"self":[{"href":"https:\/\/gnosissuisse.ch\/de\/wp-json\/wp\/v2\/pages\/4188","targetHints":{"allow":["GET"]}}],"collection":[{"href":"https:\/\/gnosissuisse.ch\/de\/wp-json\/wp\/v2\/pages"}],"about":[{"href":"https:\/\/gnosissuisse.ch\/de\/wp-json\/wp\/v2\/types\/page"}],"author":[{"embeddable":true,"href":"https:\/\/gnosissuisse.ch\/de\/wp-json\/wp\/v2\/users\/7"}],"replies":[{"embeddable":true,"href":"https:\/\/gnosissuisse.ch\/de\/wp-json\/wp\/v2\/comments?post=4188"}],"version-history":[{"count":2,"href":"https:\/\/gnosissuisse.ch\/de\/wp-json\/wp\/v2\/pages\/4188\/revisions"}],"predecessor-version":[{"id":4463,"href":"https:\/\/gnosissuisse.ch\/de\/wp-json\/wp\/v2\/pages\/4188\/revisions\/4463"}],"wp:attachment":[{"href":"https:\/\/gnosissuisse.ch\/de\/wp-json\/wp\/v2\/media?parent=4188"}],"curies":[{"name":"wp","href":"https:\/\/api.w.org\/{rel}","templated":true}]}}