{"id":4186,"date":"2022-09-16T16:34:44","date_gmt":"2022-09-16T14:34:44","guid":{"rendered":"https:\/\/gnosissuisse.ch\/?page_id=4186"},"modified":"2022-10-30T18:56:04","modified_gmt":"2022-10-30T16:56:04","slug":"datenschutzerklarung","status":"publish","type":"page","link":"https:\/\/gnosissuisse.ch\/de\/datenschutzerklarung\/","title":{"rendered":"Datenschutz-Bestimmungen"},"content":{"rendered":"<p>Wer ist f\u00fcr die Datenverarbeitung verantwortlich?<\/p>\n\n\n\n<p>Verantwortlich f\u00fcr die Verarbeitung Ihrer Daten ist:<\/p>\n\n\n\n<p><strong>Titel <\/strong>: Gnostische Kulturvereinigung Samael Aun Weor der Schweiz<\/p>\n\n\n\n<p><strong>Adresse <\/strong>Genf, 41, avenue du Lignon, 1. Stock, 1219 Le Lignon\/Genf<\/p>\n\n\n\n<p><strong>E-Mail <\/strong>: <a href=\"mailto:gnosis@gnosisitalia.eu\"><a href=\"mailto:gnosis@gnosisitalia.eu\">info@gnosissuisse.ch<\/a><\/a><\/p>\n\n\n\n<p>Welche Art von Daten verarbeiten wir?<\/p>\n\n\n\n<p>Je nach den Produkten, Dienstleistungen oder Funktionen, die Sie zu einem bestimmten Zeitpunkt nutzen m\u00f6chten, werden wir bestimmte Daten verarbeiten. Im Allgemeinen handelt es sich dabei um folgende Daten:<\/p>\n\n\n\n<p>Ihre Identifikationsdaten (z. B. Ihr Vorname, Ihr Nachname, Ihre Sprache, das Land, von dem aus Sie mit uns interagieren, Ihre Kontaktdaten usw.)<\/p>\n\n\n\n<p>Anmeldedaten, Geolokalisierungsdaten und Navigationsdaten (wenn Sie beispielsweise \u00fcber Ihr Mobiltelefon mit uns interagieren).<\/p>\n\n\n\n<p>Informationen \u00fcber ihre Vorlieben und Pr\u00e4ferenzen.<\/p>\n\n\n\n<p>Bitte beachten Sie, dass wir, wenn wir Sie um die Eingabe Ihrer personenbezogenen Daten bitten, um Ihnen Zugang zu einer Funktion oder einem Dienst der Website zu gew\u00e4hren, bestimmte Felder als Pflichtfelder kennzeichnen, da es sich um Daten handelt, die wir ben\u00f6tigen, um Ihnen den Dienst bereitzustellen oder Ihnen Zugang zu der betreffenden Funktion zu gew\u00e4hren.<\/p>\n\n\n\n<p>Bitte beachten Sie, dass Sie Ihre Registrierung m\u00f6glicherweise nicht abschlie\u00dfen oder diese Dienste oder Funktionen nicht nutzen k\u00f6nnen, wenn Sie sich entscheiden, uns diese Informationen nicht zur Verf\u00fcgung zu stellen.<\/p>\n\n\n\n<p><strong>Zu welchem Zweck verarbeiten wir Ihre personenbezogenen Daten?<\/strong><\/p>\n\n\n\n<p>Je nachdem, wie Sie mit unserer Website interagieren, verarbeiten wir Ihre personenbezogenen Daten f\u00fcr folgende Zwecke:<\/p>\n\n\n\n<p>Um Anfragen oder Fragen zu beantworten, die Sie \u00fcber die verschiedenen auf unserer Website integrierten Kan\u00e4le einreichen.<\/p>\n\n\n\n<p>Wir verarbeiten ausschlie\u00dflich personenbezogene Daten, die f\u00fcr die Bearbeitung oder L\u00f6sung Ihrer Anfrage oder Ihres Antrags unbedingt erforderlich sind.<\/p>\n\n\n\n<p>F\u00fcr die Verwaltung von sozialen Medien<\/p>\n\n\n\n<p>Wenn Sie uns \u00fcber die verschiedenen sozialen Netzwerke, in denen wir vertreten sind, folgen oder kontaktieren, verarbeiten wir die Daten, die Sie uns \u00fcber diese Netzwerke zur Verf\u00fcgung stellen, ausschlie\u00dflich zum Zweck der Beantwortung Ihrer Nachrichten oder Kommentare und zur Verwaltung unserer Kontaktliste.<\/p>\n\n\n\n<p>Analyse der Benutzerfreundlichkeit und Qualit\u00e4t zur Verbesserung unserer Dienste (Cookies)<\/p>\n\n\n\n<p>Wenn Sie auf unsere Plattform zugreifen, beachten Sie bitte, dass wir Ihre Navigationsdaten zu Analyse- und Statistikzwecken verarbeiten, d. h. um zu verstehen, wie Nutzer mit unserer Plattform interagieren, damit wir diese verbessern k\u00f6nnen. Ebenso f\u00fchren wir von Zeit zu Zeit<\/p>\n\n\n\n<p>Qualit\u00e4tsma\u00dfnahmen und Umfragen, um die Zufriedenheit unserer Kunden und Nutzer zu \u00fcberpr\u00fcfen und Bereiche zu ermitteln, in denen wir uns verbessern k\u00f6nnen.<\/p>\n\n\n\n<p><strong>Auf welcher Rechtsgrundlage erfolgt die Verarbeitung Ihrer Daten?<\/strong><\/p>\n\n\n\n<p>Die Rechtsgrundlage, auf der wir Ihre personenbezogenen Daten verarbeiten, h\u00e4ngt auch vom Zweck ab, f\u00fcr den wir sie verarbeiten. Daher finden wir unterschiedliche Rechtsgrundlagen f\u00fcr die folgenden Zwecke:<\/p>\n\n\n\n<p>Bitte beachten Sie, dass Anfragen nach Informationen.<\/p>\n\n\n\n<p>Die Rechtsgrundlage f\u00fcr die Verarbeitung Ihrer Daten ist Ihre informierte Einwilligung zur Beantwortung der \u00fcber die Website gestellten Fragen, was die Annahme der vorliegenden Bedingungen durch die betroffene Person beinhaltet.<\/p>\n\n\n\n<p>Soziale Medien<\/p>\n\n\n\n<p>Die Grundlage f\u00fcr die Rechtm\u00e4\u00dfigkeit ist die informierte Einwilligung zur Beantwortung der \u00fcber das soziale Netzwerk gestellten Fragen sowie der Zeitpunkt, zu dem Sie uns folgen und Teil unserer Kontaktliste werden m\u00f6chten.<\/p>\n\n\n\n<p>Analyse der Benutzerfreundlichkeit und Qualit\u00e4t (Cookie)<\/p>\n\n\n\n<p>Der Nutzer erkl\u00e4rt sich mit der Verwendung von Cookies einverstanden.<\/p>\n\n\n\n<p><strong>Wie lange speichern wir Ihre Daten?<\/strong><\/p>\n\n\n\n<p>Bitte um Informationen.<\/p>\n\n\n\n<p>Wir verarbeiten Ihre Daten so lange, wie es f\u00fcr die Bearbeitung Ihrer Anfrage oder Ihres Antrags erforderlich ist, sowie f\u00fcr einen Zeitraum von einem Jahr danach.<\/p>\n\n\n\n<p>Soziale Medien<\/p>\n\n\n\n<p>Wir werden Ihre Daten so lange verarbeiten, wie es f\u00fcr die Bearbeitung Ihrer Anfrage erforderlich ist und solange Sie unserem Profil folgen.<\/p>\n\n\n\n<p><strong>Werden wir Ihre Daten an Dritte weitergeben?<\/strong><\/p>\n\n\n\n<p>Um die in dieser Datenschutzerkl\u00e4rung festgelegten Ziele zu erreichen, ist es erforderlich, Dritten, die uns bei der Erbringung unserer Dienstleistungen f\u00fcr Sie unterst\u00fctzen, Zugriff auf Ihre personenbezogenen Daten zu gew\u00e4hren, wie unten angegeben:<\/p>\n\n\n\n<p>Anbieter von Technologiedienstleistungen<\/p>\n\n\n\n<p><strong>Welche Rechte haben Sie, wenn Sie uns Ihre Daten \u00fcbermitteln?<\/strong><\/p>\n\n\n\n<p>Wir verpflichten uns, die Vertraulichkeit Ihrer personenbezogenen Daten zu wahren und sicherzustellen, dass Sie Ihre Rechte aus\u00fcben k\u00f6nnen.<\/p>\n\n\n\n<p>Sie k\u00f6nnen diese Rechte kostenlos aus\u00fcben, indem Sie eine E-Mail an unsere E-Mail-Adresse senden und dabei lediglich den Grund f\u00fcr Ihre Anfrage und das Recht, das Sie aus\u00fcben m\u00f6chten, angeben.<\/p>\n\n\n\n<p>Wenn wir es f\u00fcr erforderlich halten, Ihre Identit\u00e4t zu \u00fcberpr\u00fcfen, k\u00f6nnen wir Sie um eine Kopie eines Dokuments bitten, das Ihre Identit\u00e4t best\u00e4tigt. Unabh\u00e4ngig vom Zweck oder der Rechtsgrundlage, auf der wir Ihre Daten verarbeiten, haben Sie insbesondere das Recht:<\/p>\n\n\n\n<p>Bitte beantragen Sie den Zugang zu den in unserem Besitz befindlichen Daten.<\/p>\n\n\n\n<p>Beantragen Sie die Berichtigung der Daten, die sich bereits in unserem Besitz befinden. Bitte beachten Sie, dass Sie durch die aktive \u00dcbermittlung Ihrer personenbezogenen Daten in jeglicher Form garantieren, dass diese wahrheitsgem\u00e4\u00df und korrekt sind, und sich verpflichten, uns \u00fcber alle \u00c4nderungen oder Modifikationen dieser Daten zu informieren.<\/p>\n\n\n\n<p>Sie k\u00f6nnen uns auffordern, Ihre Daten zu l\u00f6schen, sofern sie f\u00fcr den Zweck, f\u00fcr den wir sie verarbeiten, nicht mehr erforderlich sind, wie wir Ihnen zuvor mitgeteilt haben, oder sofern wir nicht mehr dazu berechtigt sind.<\/p>\n\n\n\n<p>Sie k\u00f6nnen uns auffordern, die Verarbeitung Ihrer Daten einzuschr\u00e4nken. Dies bedeutet, dass Sie uns in bestimmten F\u00e4llen bitten k\u00f6nnen, die Verarbeitung Ihrer Daten vor\u00fcbergehend einzustellen oder sie l\u00e4nger als erforderlich aufzubewahren, wenn Sie sie ben\u00f6tigen. Wenn Sie uns Ihre Einwilligung zur Verarbeitung Ihrer Daten f\u00fcr einen bestimmten Zweck erteilt haben, haben Sie auch das Recht, Ihre Einwilligung jederzeit zu widerrufen.<\/p>\n\n\n\n<p>Wenn die Verarbeitung Ihrer Daten auf unserem berechtigten Interesse beruht, haben Sie au\u00dferdem das Recht, der Verarbeitung Ihrer Daten zu widersprechen.<\/p>\n\n\n\n<p>Abschlie\u00dfend m\u00f6chten wir Sie dar\u00fcber informieren, dass Sie das Recht haben, eine Beschwerde bei der f\u00fcr den Datenschutz zust\u00e4ndigen Aufsichtsbeh\u00f6rde einzureichen, insbesondere bei der spanischen Datenschutzbeh\u00f6rde https:\/\/www.agpd.es\/portalwebAGPD\/index-ides-idphp.php.<\/p>\n\n\n\n<p><strong>\u00c4nderungen der Datenschutzerkl\u00e4rung.<\/strong><\/p>\n\n\n\n<p>Die in dieser Datenschutzerkl\u00e4rung enthaltenen Informationen k\u00f6nnen von Zeit zu Zeit ge\u00e4ndert werden. Sollten wir dies tun, werden wir Sie auf verschiedene Weise \u00fcber die Plattform informieren oder Ihnen eine E-Mail an Ihre E-Mail-Adresse senden, wenn die betreffende \u00c4nderung f\u00fcr Ihre Privatsph\u00e4re von Bedeutung ist, damit Sie die \u00c4nderungen \u00fcberpr\u00fcfen, bewerten und gegebenenfalls widersprechen oder sich von einem Dienst oder einer Funktion abmelden k\u00f6nnen.<\/p>\n\n\n\n<p><strong>Informationen zu Cookies<\/strong><\/p>\n\n\n\n<p>Wir verwenden Cookies und \u00e4hnliche Technologien, um Ihnen die Navigation auf der Plattform zu erleichtern, um zu erfahren, wie Sie mit uns interagieren, und um Ihnen in bestimmten F\u00e4llen Werbung anzuzeigen, die auf Ihren Surfgewohnheiten basiert. Bitte lesen Sie unsere Cookie-Richtlinie, um mehr \u00fcber die von uns verwendeten Cookies und \u00e4hnlichen Technologien, deren Zweck und weitere relevante Informationen zu erfahren.<\/p>","protected":false},"excerpt":{"rendered":"<p>QUI EST LE RESPONSABLE DU TRAITEMENT DES DONN\u00c9ES? RESPONSABLE DU TRAITEMENT DE VOS DONN\u00c9ES est : Titre : F\u00e9d\u00e9ration Culturelle Gnostique Samael Aun Weor de Suisse Adresse : Gen\u00e8ve 41, avenue du Lignon 1er \u00e9tage 1219 Le Lignon\/Gen\u00e8ve Courriel : info@gnosissuisse.ch QUEL TYPE DE DONN\u00c9ES TRAITONS-NOUS? En fonction des produits, services ou fonctionnalit\u00e9s que vous [&hellip;]<\/p>","protected":false},"author":7,"featured_media":0,"parent":0,"menu_order":0,"comment_status":"closed","ping_status":"closed","template":"","meta":{"footnotes":""},"class_list":["post-4186","page","type-page","status-publish","hentry"],"_links":{"self":[{"href":"https:\/\/gnosissuisse.ch\/de\/wp-json\/wp\/v2\/pages\/4186","targetHints":{"allow":["GET"]}}],"collection":[{"href":"https:\/\/gnosissuisse.ch\/de\/wp-json\/wp\/v2\/pages"}],"about":[{"href":"https:\/\/gnosissuisse.ch\/de\/wp-json\/wp\/v2\/types\/page"}],"author":[{"embeddable":true,"href":"https:\/\/gnosissuisse.ch\/de\/wp-json\/wp\/v2\/users\/7"}],"replies":[{"embeddable":true,"href":"https:\/\/gnosissuisse.ch\/de\/wp-json\/wp\/v2\/comments?post=4186"}],"version-history":[{"count":2,"href":"https:\/\/gnosissuisse.ch\/de\/wp-json\/wp\/v2\/pages\/4186\/revisions"}],"predecessor-version":[{"id":4460,"href":"https:\/\/gnosissuisse.ch\/de\/wp-json\/wp\/v2\/pages\/4186\/revisions\/4460"}],"wp:attachment":[{"href":"https:\/\/gnosissuisse.ch\/de\/wp-json\/wp\/v2\/media?parent=4186"}],"curies":[{"name":"wp","href":"https:\/\/api.w.org\/{rel}","templated":true}]}}