{"id":4184,"date":"2022-09-16T16:34:44","date_gmt":"2022-09-16T14:34:44","guid":{"rendered":"https:\/\/gnosissuisse.ch\/?page_id=4184"},"modified":"2022-10-30T18:55:52","modified_gmt":"2022-10-30T16:55:52","slug":"rechtliche-hinweise","status":"publish","type":"page","link":"https:\/\/gnosissuisse.ch\/de\/rechtliche-hinweise\/","title":{"rendered":"Rechtlicher Hinweis"},"content":{"rendered":"<p>Bitte lesen Sie alle Abschnitte dieses rechtlichen Hinweises sorgf\u00e4ltig durch, bevor Sie diese Website nutzen. Die folgenden Bedingungen sind f\u00fcr alle Nutzer dieser Website verbindlich.<\/p>\n\n\n\n<p>In \u00dcbereinstimmung mit der Informationspflicht gem\u00e4\u00df dem Gesetz 34\/2002 \u00fcber Dienste der Informationsgesellschaft und den elektronischen Gesch\u00e4ftsverkehr (LSSI-CE) vom 11. Juli finden Sie nachfolgend allgemeine Informationen zu dieser Website.<\/p>\n\n\n\n<p>Der Zweck dieses Textes besteht darin, die Funktionen dieser Website detailliert zu erl\u00e4utern und dem Nutzer Informationen \u00fcber den Eigent\u00fcmer der Website und den Zweck der darin enthaltenen Inhalte zur Verf\u00fcgung zu stellen.<\/p>\n\n\n\n<p><strong>IDENTIFIZIERUNGSDATEN<\/strong><\/p>\n\n\n\n<p>Der vorliegende rechtliche Hinweis regelt die Nutzung der Website www.promaine.com und informiert Sie gem\u00e4\u00df dem Gesetz 34\/2002 vom 11. Juli \u00fcber Dienste der Informationsgesellschaft und den elektronischen Gesch\u00e4ftsverkehr \u00fcber folgende Punkte:<\/p>\n\n\n\n<p><strong>Titel <\/strong>: Gnostische Kulturvereinigung Samael Aun Weor der Schweiz<\/p>\n\n\n\n<p><strong>Adresse <\/strong>Genf, 41, avenue du Lignon, 1. Stock, 1219 Le Lignon\/Genf<\/p>\n\n\n\n<p><strong>E-Mail <\/strong>: <a href=\"mailto:gnosis@gnosisitalia.eu\"><a href=\"mailto:gnosis@gnosisitalia.eu\">info@gnosissuisse.ch<\/a><\/a><\/p>\n\n\n\n<p>Das Unternehmen Nombre, im Folgenden \u201cNombre\u201d genannt, beabsichtigt, seine Website zu nutzen, um seine T\u00e4tigkeit bekannt zu machen und Ihnen die M\u00f6glichkeit zu bieten, mit uns in Kontakt zu treten, Anfragen zu stellen, unser Magazin zu abonnieren und uns Ihre Beschwerden und Beanstandungen mitzuteilen.<\/p>\n\n\n\n<p>Das vorliegende Dokument dient der Festlegung der allgemeinen Nutzungsbedingungen der Website. Die allgemeinen Bedingungen m\u00fcssen von allen Nutzern, die die Website nutzen m\u00f6chten, akzeptiert und eingehalten werden.<\/p>\n\n\n\n<p><strong>Nutzung der Website und Pflichten des Nutzers.<\/strong><\/p>\n\n\n\n<p>Der Nutzer verpflichtet sich, die Website, ihre Inhalte und Dienste in \u00dcbereinstimmung mit den geltenden Gesetzen, den allgemein anerkannten Gepflogenheiten und der \u00f6ffentlichen Ordnung zu nutzen. Es ist untersagt, die Website f\u00fcr illegale oder Rodrigo Promotores oder Dritten schadende Zwecke zu nutzen, die in irgendeiner Weise Sch\u00e4den verursachen oder die normale Nutzung der Website beeintr\u00e4chtigen k\u00f6nnten.<\/p>\n\n\n\n<p>Es wird garantiert, dass die vom Portal angebotenen Inhalte und Dienste den Grunds\u00e4tzen der pers\u00f6nlichen W\u00fcrde, des Jugend- und Kinderschutzes sowie der Nichtdiskriminierung aufgrund von Rasse, Geschlecht, Religion, Meinung, Nationalit\u00e4t, Behinderung oder anderen pers\u00f6nlichen oder sozialen Aspekten entsprechen.<\/p>\n\n\n\n<p>Die vorliegenden allgemeinen Nutzungsbedingungen der Website gew\u00e4hren dem Nutzer keine weiteren Rechte zur Nutzung, \u00c4nderung, Verwertung, Vervielf\u00e4ltigung, Verbreitung oder \u00f6ffentlichen Wiedergabe der Inhalte der Website, die nicht ausdr\u00fccklich in diesen Bedingungen vorgesehen sind.<\/p>\n\n\n\n<p>Die auf dem Portal enthaltenen Inhalte (Informationen, Audio- und\/oder Bilddateien, Fotos, Zeichnungen usw.) sind Eigentum von Rodrigo Promotores oder wurden von ihren rechtm\u00e4\u00dfigen Eigent\u00fcmern ordnungsgem\u00e4\u00df zur Ver\u00f6ffentlichung freigegeben.<\/p>\n\n\n\n<p>Der Name verpflichtet dazu, keine irref\u00fchrende Werbung zu betreiben, und ist daher untersagt:<\/p>\n\n\n\n<p>Verwendung f\u00fcr kommerzielle oder Werbezwecke, die \u00fcber die ausdr\u00fccklich genehmigten Zwecke hinausgehen. Vervielf\u00e4ltigung, Ver\u00f6ffentlichung, Verbreitung oder \u00c4nderung, ganz oder teilweise, ohne vorherige schriftliche Genehmigung der Rechteinhaber oder in den gesetzlich zul\u00e4ssigen F\u00e4llen.<\/p>\n\n\n\n<p>Jede Verletzung der Rechte des Namens oder der Rechteinhaber.<\/p>\n\n\n\n<p><strong>GEISTIGES UND GEWERBLICHES EIGENTUM<\/strong><\/p>\n\n\n\n<p>Der Nutzer erkennt an und akzeptiert, dass alle gewerblichen und geistigen Eigentumsrechte an den Inhalten und\/oder sonstigen Elementen der Website Rodrigo Promotores geh\u00f6ren oder dass Rodrigo Promotores ordnungsgem\u00e4\u00df dazu berechtigt ist, diese auf dieser Website zu verbreiten.<\/p>\n\n\n\n<p>Sollte ein Nutzer oder Dritter der Ansicht sein, dass durch die Ver\u00f6ffentlichung bestimmter Inhalte auf der Website seine legitimen Rechte am geistigen Eigentum verletzt wurden, bitten wir um eine entsprechende Mitteilung per E-Mail an: info@gnosissuisse.ch<\/p>\n\n\n\n<p>Personenbezogene Daten der betroffenen Person, die Inhaber der angeblich verletzten Rechte ist, oder Angabe der Vertretung, in deren Namen sie handelt, wenn die Beschwerde von einem Dritten eingereicht wird, der nicht die betroffene Person ist.<\/p>\n\n\n\n<p>Geben Sie den durch geistige Eigentumsrechte gesch\u00fctzten Inhalt und dessen Standort auf der Website an, legen Sie die entsprechenden geistigen Eigentumsrechte dar und f\u00fcgen Sie eine ausdr\u00fcckliche Erkl\u00e4rung bei, in der die betreffende Person die Verantwortung f\u00fcr die Richtigkeit der in der Mitteilung gemachten Angaben \u00fcbernimmt.<\/p>\n\n\n\n<p><strong>LINK<\/strong><\/p>\n\n\n\n<p>Diese Website enth\u00e4lt Links zu anderen Websites und Inhalten, die Dritten geh\u00f6ren.<\/p>\n\n\n\n<p>Der einzige Zweck dieser Links besteht darin, dem Nutzer die M\u00f6glichkeit zu bieten, auf diese Links zuzugreifen. Rodrigo Promotores \u00fcbernimmt keine Verantwortung f\u00fcr die Ergebnisse, die der Nutzer durch den Zugriff auf diese Links erzielen kann.<\/p>\n\n\n\n<p>Benutzer, die einen technischen Link zwischen ihrer Website und dem Portal einrichten m\u00f6chten, m\u00fcssen zuvor die schriftliche Genehmigung von Name einholen. Die Einrichtung des Links impliziert in keinem Fall das Bestehen einer Beziehung zwischen Name und dem Eigent\u00fcmer der Website, auf der er eingerichtet wird.<\/p>\n\n\n\n<p>Verbindung, noch die Akzeptanz oder Billigung der Inhalte oder Dienstleistungen durch Rodrigo Promotores.<\/p>\n\n\n\n<p>Die Website, auf der der Link eingerichtet wird, darf keine Marken, Namen, Logos, Slogans oder andere Kennzeichen enthalten, die Nombre geh\u00f6ren, mit Ausnahme derjenigen, die ausdr\u00fccklich genehmigt wurden.<\/p>\n\n\n\n<p>Nombre beh\u00e4lt sich das Recht vor, das Erscheinungsbild und das Layout der Website sowie die vorliegenden rechtlichen Hinweise jederzeit und ohne Vorank\u00fcndigung zu \u00e4ndern.<\/p>\n\n\n\n<p><strong>HAFTUNGSAUSSCHLUSS UND GEW\u00c4HRLEISTUNGSAUSSCHLUSS<\/strong><\/p>\n\n\n\n<p>Nombre \u00fcbernimmt keine Gew\u00e4hrleistung und haftet in keinem Fall f\u00fcr Sch\u00e4den jeglicher Art, die entstehen k\u00f6nnten:<\/p>\n\n\n\n<p>Die mangelnde Verf\u00fcgbarkeit, Wartung und effiziente Funktionsweise der Website und\/oder ihrer Dienste oder Inhalte.<\/p>\n\n\n\n<p>Das Vorhandensein von Viren, sch\u00e4dlichen oder b\u00f6sartigen Programmen in den Inhalten.<\/p>\n\n\n\n<p>Die unzul\u00e4ssige, fahrl\u00e4ssige oder betr\u00fcgerische Nutzung der Website, ihrer Dienste oder Inhalte durch die Nutzer, die gegen die vorliegenden Bedingungen, den Grundsatz von Treu und Glauben, die allgemein anerkannten Gepflogenheiten oder die \u00f6ffentliche Ordnung verst\u00f6\u00dft.<\/p>\n\n\n\n<p><strong>VERARBEITUNG PERSONENBEZOGENER DATEN<\/strong><\/p>\n\n\n\n<p>Wie in der auf dieser Website verf\u00fcgbaren Datenschutzerkl\u00e4rung angegeben, hat Nombre angemessene Sicherheitsma\u00dfnahmen f\u00fcr die von ihr verarbeiteten und verwalteten Daten getroffen und alle ihr zur Verf\u00fcgung stehenden technischen Mittel und Ma\u00dfnahmen eingesetzt, um die Vertraulichkeit zu gew\u00e4hrleisten und Missbrauch, Verlust, Ver\u00e4nderung, unbefugten Zugriff und Diebstahl zu verhindern.<\/p>\n\n\n\n<p><strong>Anwendbares Recht und Gerichtsbarkeit<\/strong><\/p>\n\n\n\n<p>Die vorliegenden Bedingungen unterliegen spanischem Recht, und alle Streitigkeiten, die sich aus dem Zugriff auf die Website ergeben, werden den Gerichten der Stadt MURCIA (Spanien) vorgelegt.<\/p>\n\n\n\n<p><strong>Kontakt<\/strong> Sollten Sie Fragen oder Anmerkungen zu diesem rechtlichen Hinweis haben, wenden Sie sich bitte an <a href=\"mailto:gnosis@gnosisitalia.eu\">info@gnosissuisse.ch<\/a> oder senden Sie eine schriftliche Mitteilung an die im Briefkopf angegebene Adresse.<\/p>","protected":false},"excerpt":{"rendered":"<p>Bitte lesen Sie alle Abschnitte dieses rechtlichen Hinweises, bevor Sie diese Website nutzen. Die folgenden Bedingungen sind f\u00fcr jeden Nutzer dieser Website bindend. In \u00dcbereinstimmung mit der Informationspflicht gem\u00e4\u00df dem Gesetz 34\/2002 \u00fcber Dienste der Informationsgesellschaft und elektronischen Handel (LSSI-CE) vom 11. Juli finden Sie [...].<\/p>","protected":false},"author":7,"featured_media":0,"parent":0,"menu_order":0,"comment_status":"closed","ping_status":"closed","template":"","meta":{"footnotes":""},"class_list":["post-4184","page","type-page","status-publish","hentry"],"_links":{"self":[{"href":"https:\/\/gnosissuisse.ch\/de\/wp-json\/wp\/v2\/pages\/4184","targetHints":{"allow":["GET"]}}],"collection":[{"href":"https:\/\/gnosissuisse.ch\/de\/wp-json\/wp\/v2\/pages"}],"about":[{"href":"https:\/\/gnosissuisse.ch\/de\/wp-json\/wp\/v2\/types\/page"}],"author":[{"embeddable":true,"href":"https:\/\/gnosissuisse.ch\/de\/wp-json\/wp\/v2\/users\/7"}],"replies":[{"embeddable":true,"href":"https:\/\/gnosissuisse.ch\/de\/wp-json\/wp\/v2\/comments?post=4184"}],"version-history":[{"count":3,"href":"https:\/\/gnosissuisse.ch\/de\/wp-json\/wp\/v2\/pages\/4184\/revisions"}],"predecessor-version":[{"id":4461,"href":"https:\/\/gnosissuisse.ch\/de\/wp-json\/wp\/v2\/pages\/4184\/revisions\/4461"}],"wp:attachment":[{"href":"https:\/\/gnosissuisse.ch\/de\/wp-json\/wp\/v2\/media?parent=4184"}],"curies":[{"name":"wp","href":"https:\/\/api.w.org\/{rel}","templated":true}]}}