{"id":3269,"date":"2022-07-04T14:18:54","date_gmt":"2022-07-04T12:18:54","guid":{"rendered":"https:\/\/gnosissuisse.ch\/?page_id=3269"},"modified":"2026-02-16T12:11:34","modified_gmt":"2026-02-16T10:11:34","slug":"was-ist-gnosis","status":"publish","type":"page","link":"https:\/\/gnosissuisse.ch\/de\/was-ist-gnosis\/","title":{"rendered":"Qu&#8217;est-ce que Gnosis?"},"content":{"rendered":"<div data-elementor-type=\"wp-page\" data-elementor-id=\"3269\" class=\"elementor elementor-3269\" data-elementor-post-type=\"page\">\n\t\t\t\t<div class=\"elementor-element elementor-element-ad768f5 e-flex e-con-boxed e-con e-parent\" data-id=\"ad768f5\" data-element_type=\"container\" data-e-type=\"container\" data-settings=\"{&quot;background_background&quot;:&quot;classic&quot;}\">\n\t\t\t\t\t<div class=\"e-con-inner\">\n\t\t<div class=\"elementor-element elementor-element-cab3d09 e-con-full e-flex e-con e-child\" data-id=\"cab3d09\" data-element_type=\"container\" data-e-type=\"container\">\n\t\t\t\t<div class=\"elementor-element elementor-element-7af5b40 text-center elementor-widget elementor-widget-tp-heading-title\" data-id=\"7af5b40\" data-element_type=\"widget\" data-e-type=\"widget\" data-widget_type=\"tp-heading-title.default\">\n\t\t\t\t<div class=\"elementor-widget-container\">\n\t\t\t\t\t<div class=\"heading heading_style heading_style69f0a89cef6aa style-1\"  data-tp-gsap-heading-text=\"\" data-tp-gsap-sub-heading-text=\"\"><div class=\"sub-style\" ><div class=\"head-title heading-mobile-center\" > <h2  class=\"heading-title heading-mobile-center\"  data-hover=\"Qu&#039;est-ce que Gnosis?\">Was ist Gnosis?<span class=\"title-s\">  <\/span><\/h2><\/div><\/div><\/div>\t\t\t\t<\/div>\n\t\t\t\t<\/div>\n\t\t\t\t<div class=\"elementor-element elementor-element-229c0f8 elementor-widget elementor-widget-text-editor\" data-id=\"229c0f8\" data-element_type=\"widget\" data-e-type=\"widget\" data-widget_type=\"text-editor.default\">\n\t\t\t\t<div class=\"elementor-widget-container\">\n\t\t\t\t\t\t\t\t\t<p>Gnosis (aus dem Griechischen: Erkenntnis) ist die objektive und reale Erkenntnis des Menschen, des Universums und der Gesetze, die es regieren. Wenn der Mensch sich selbst tiefgreifend kennt, wenn er wei\u00df, was sein Leben ist, welche Gesetze es regieren, was der Sinn seiner Existenz ist, dann ist er in der Lage, bewusst positive Ver\u00e4nderungen in seinem Leben herbeizuf\u00fchren.<\/p><p>\u00ab <em>Sich mit seinem eigenen Pneuma oder Geist identisch zu wissen; die Identit\u00e4t zwischen dem Bekannten und dem Erkennenden direkt zu erfahren. Das ist es, was wir als Autognosis definieren k\u00f6nnen und m\u00fcssen.<\/em>\u00a0\u00bbVM Samael Aum Weor.<\/p>\t\t\t\t\t\t\t\t<\/div>\n\t\t\t\t<\/div>\n\t\t\t\t<\/div>\n\t\t<div class=\"elementor-element elementor-element-bbbd21b e-flex e-con-boxed e-con e-child\" data-id=\"bbbd21b\" data-element_type=\"container\" data-e-type=\"container\" data-settings=\"{&quot;background_background&quot;:&quot;classic&quot;}\">\n\t\t\t\t\t<div class=\"e-con-inner\">\n\t\t\t\t\t<\/div>\n\t\t\t\t<\/div>\n\t\t\t\t\t<\/div>\n\t\t\t\t<\/div>\n\t\t<div class=\"elementor-element elementor-element-6efa204 e-flex e-con-boxed e-con e-parent\" data-id=\"6efa204\" data-element_type=\"container\" data-e-type=\"container\" data-settings=\"{&quot;background_background&quot;:&quot;classic&quot;}\">\n\t\t\t\t\t<div class=\"e-con-inner\">\n\t\t<div class=\"elementor-element elementor-element-cb68e85 e-con-full e-flex e-con e-child\" data-id=\"cb68e85\" data-element_type=\"container\" data-e-type=\"container\">\n\t\t\t\t<div class=\"elementor-element elementor-element-f420aa9 elementor-widget elementor-widget-image\" data-id=\"f420aa9\" data-element_type=\"widget\" data-e-type=\"widget\" data-widget_type=\"image.default\">\n\t\t\t\t<div class=\"elementor-widget-container\">\n\t\t\t\t\t\t\t\t\t\t\t\t\t\t\t<img fetchpriority=\"high\" decoding=\"async\" width=\"800\" height=\"800\" src=\"https:\/\/gnosissuisse.ch\/wp-content\/uploads\/2022\/07\/temple_nosce_te_ipsum-1024x1024.png\" class=\"attachment-large size-large wp-image-3708\" alt=\"\" srcset=\"https:\/\/gnosissuisse.ch\/wp-content\/uploads\/2022\/07\/temple_nosce_te_ipsum-1024x1024.png 1024w, https:\/\/gnosissuisse.ch\/wp-content\/uploads\/2022\/07\/temple_nosce_te_ipsum-300x300.png 300w, https:\/\/gnosissuisse.ch\/wp-content\/uploads\/2022\/07\/temple_nosce_te_ipsum-150x150.png 150w, https:\/\/gnosissuisse.ch\/wp-content\/uploads\/2022\/07\/temple_nosce_te_ipsum-768x768.png 768w, https:\/\/gnosissuisse.ch\/wp-content\/uploads\/2022\/07\/temple_nosce_te_ipsum-700x700.png 700w, https:\/\/gnosissuisse.ch\/wp-content\/uploads\/2022\/07\/temple_nosce_te_ipsum-920x920.png 920w, https:\/\/gnosissuisse.ch\/wp-content\/uploads\/2022\/07\/temple_nosce_te_ipsum-230x230.png 230w, https:\/\/gnosissuisse.ch\/wp-content\/uploads\/2022\/07\/temple_nosce_te_ipsum-350x350.png 350w, https:\/\/gnosissuisse.ch\/wp-content\/uploads\/2022\/07\/temple_nosce_te_ipsum-480x480.png 480w, https:\/\/gnosissuisse.ch\/wp-content\/uploads\/2022\/07\/temple_nosce_te_ipsum.png 1080w\" sizes=\"(max-width: 800px) 100vw, 800px\" \/>\t\t\t\t\t\t\t\t\t\t\t\t\t\t\t<\/div>\n\t\t\t\t<\/div>\n\t\t\t\t<\/div>\n\t\t<div class=\"elementor-element elementor-element-41a4a9c e-con-full e-flex e-con e-child\" data-id=\"41a4a9c\" data-element_type=\"container\" data-e-type=\"container\">\n\t\t\t\t<div class=\"elementor-element elementor-element-0c4aeb2 elementor-widget elementor-widget-text-editor\" data-id=\"0c4aeb2\" data-element_type=\"widget\" data-e-type=\"widget\" data-widget_type=\"text-editor.default\">\n\t\t\t\t<div class=\"elementor-widget-container\">\n\t\t\t\t\t\t\t\t\t<p class=\"translation-block\">Die Gnosis basiert auf vier S\u00e4ulen, die den Menschen zur Weisheit f\u00fchren: Kunst, Wissenschaft, Philosophie und Religion.<\/p><p><span class=\"react-editor-token react-editor-text-token\" data-token-id=\"50\"><strong> Wissenschaft<\/strong>: <\/span><\/p><p class=\"translation-block\">Durch die wichtigsten Elemente der Wissenschaft, n\u00e4mlich Praxis und Experimentieren, versuchen wir, direktes Wissen zu erwerben, indem wir die verschiedenen Systeme der Natur und des Menschen beobachten und untersuchen, um den komplexen menschlichen Mechanismus zu analysieren, zu erforschen und zu verstehen.<\/p><p><span class=\"react-editor-token react-editor-text-token\" data-token-id=\"290\"><strong>Kunst<\/strong>: <\/span><\/p><p>Es ist das Streben nach Sch\u00f6nheit in all ihren Erscheinungsformen. Man sieht, dass dieses Wissen alle K\u00fcnste hervorgebracht hat, die Bildhauerei, die Malerei, die ausgew\u00e4hlte Musik, die Poesie, die Literatur, den gesunden und ausgewogenen Sport, alles, was spiritueller Natur ist, was die h\u00f6heren Zentren des Menschen aktiviert und sie in einen sehr harmonischen, tiefen Zustand versetzt.<\/p><p><span class=\"react-editor-token react-editor-text-token\" data-token-id=\"142\"><strong>Philosophie<\/strong>: <\/span><\/p><p class=\"translation-block\">Die Philosophie zielt darauf ab, die Wahrnehmung zu ver\u00e4ndern, indem sie im Individuum die notwendigen Gr\u00fcnde schafft, seine Lebensweise zu \u00e4ndern. Philosophie zu praktizieren bedeutet, zu lernen, selbstst\u00e4ndig zu denken und zu reflektieren, die Natur, das Universum und die Umst\u00e4nde zu betrachten, mit der Absicht, das Geheimnis zu entdecken, das jedes Ding in sich birgt. Mit anderen Worten: Philosophie ist sowohl die Suche nach Antworten als auch das Verst\u00e4ndnis, das wir erwerben, um mit Weisheit zu leben.<\/p><p><span class=\"react-editor-token react-editor-text-token\" data-token-id=\"438\"><strong>Religion<\/strong>:<\/span><\/p><p class=\"translation-block\">Man muss den Begriff \u00abReligion\u00bb und die urspr\u00fcngliche und etymologische Bedeutung dieses Wortes verstehen. Religion kommt vom lateinischen \u00abre-ligare\u00bb, wieder verbinden, d. h. sich wieder mit dem G\u00f6ttlichen im Menschen selbst vereinen. Gnosis als Religion versucht, die tiefe Bedeutung zu erforschen, die in religi\u00f6sen Mythen, hinter Symbolen und hinter verschiedenen religi\u00f6sen Formen steckt. So strebt die Gnosis als Religion die Wiedervereinigung des Menschen mit den h\u00f6heren Kr\u00e4ften an, die im Universum und im Inneren des Menschen selbst existieren, und sucht daf\u00fcr nach der Wissenschaft, die in den Religionen vorhanden ist. Die Gnosis lehrt DIE LEHRE DER SYNTHESE, denn sie fasst das Wissen zusammen, um es praktisch und f\u00fcr alle zug\u00e4nglich zu machen.<\/p>\t\t\t\t\t\t\t\t<\/div>\n\t\t\t\t<\/div>\n\t\t\t\t<\/div>\n\t\t<div class=\"elementor-element elementor-element-552819b e-con-full e-flex e-con e-child\" data-id=\"552819b\" data-element_type=\"container\" data-e-type=\"container\">\n\t\t\t\t<div class=\"elementor-element elementor-element-af5ca4e text-center elementor-widget elementor-widget-tp-heading-title\" data-id=\"af5ca4e\" data-element_type=\"widget\" data-e-type=\"widget\" data-widget_type=\"tp-heading-title.default\">\n\t\t\t\t<div class=\"elementor-widget-container\">\n\t\t\t\t\t<div class=\"heading heading_style heading_style69f0a89cf1de9 style-1\"  data-tp-gsap-heading-text=\"\" data-tp-gsap-sub-heading-text=\"\"><div class=\"sub-style\" ><div class=\"head-title heading-mobile-center\" > <h2  class=\"heading-title heading-mobile-center\"  data-hover=\"LES 4 PILIERS DU SAVOIR\">DIE VIER S\u00c4ULEN DES WISSENS<span class=\"title-s\">  <\/span><\/h2><\/div><\/div><\/div>\t\t\t\t<\/div>\n\t\t\t\t<\/div>\n\t\t\t\t<\/div>\n\t\t\t\t\t<\/div>\n\t\t\t\t<\/div>\n\t\t<div class=\"elementor-element elementor-element-c122809 e-flex e-con-boxed e-con e-parent\" data-id=\"c122809\" data-element_type=\"container\" data-e-type=\"container\" data-settings=\"{&quot;background_background&quot;:&quot;classic&quot;}\">\n\t\t\t\t\t<div class=\"e-con-inner\">\n\t\t<div class=\"elementor-element elementor-element-a8a7baf e-con-full e-flex e-con e-child\" data-id=\"a8a7baf\" data-element_type=\"container\" data-e-type=\"container\">\n\t\t\t\t<div class=\"elementor-element elementor-element-b0c23d3 elementor-widget elementor-widget-image\" data-id=\"b0c23d3\" data-element_type=\"widget\" data-e-type=\"widget\" data-widget_type=\"image.default\">\n\t\t\t\t<div class=\"elementor-widget-container\">\n\t\t\t\t\t\t\t\t\t\t\t\t\t\t\t<img decoding=\"async\" width=\"540\" height=\"540\" src=\"https:\/\/gnosissuisse.ch\/wp-content\/uploads\/2022\/07\/star.png\" class=\"attachment-large size-large wp-image-3718\" alt=\"\" srcset=\"https:\/\/gnosissuisse.ch\/wp-content\/uploads\/2022\/07\/star.png 540w, https:\/\/gnosissuisse.ch\/wp-content\/uploads\/2022\/07\/star-300x300.png 300w, https:\/\/gnosissuisse.ch\/wp-content\/uploads\/2022\/07\/star-150x150.png 150w, https:\/\/gnosissuisse.ch\/wp-content\/uploads\/2022\/07\/star-230x230.png 230w, https:\/\/gnosissuisse.ch\/wp-content\/uploads\/2022\/07\/star-350x350.png 350w, https:\/\/gnosissuisse.ch\/wp-content\/uploads\/2022\/07\/star-480x480.png 480w\" sizes=\"(max-width: 540px) 100vw, 540px\" \/>\t\t\t\t\t\t\t\t\t\t\t\t\t\t\t<\/div>\n\t\t\t\t<\/div>\n\t\t\t\t<div class=\"elementor-element elementor-element-8ac149c text-center elementor-widget elementor-widget-tp-heading-title\" data-id=\"8ac149c\" data-element_type=\"widget\" data-e-type=\"widget\" data-widget_type=\"tp-heading-title.default\">\n\t\t\t\t<div class=\"elementor-widget-container\">\n\t\t\t\t\t<div class=\"heading heading_style heading_style69f0a89cf36ca style-1\"  data-tp-gsap-heading-text=\"\" data-tp-gsap-sub-heading-text=\"\"><div class=\"sub-style\" ><div class=\"head-title heading-mobile-center\" > <h2  class=\"heading-title heading-mobile-center\"  data-hover=\"CONNAISSANCE DE SOI\">SELBSTERKENNTNIS<span class=\"title-s\">  <\/span><\/h2><\/div><\/div><\/div>\t\t\t\t<\/div>\n\t\t\t\t<\/div>\n\t\t\t\t<div class=\"elementor-element elementor-element-cada4bd elementor-widget elementor-widget-text-editor\" data-id=\"cada4bd\" data-element_type=\"widget\" data-e-type=\"widget\" data-widget_type=\"text-editor.default\">\n\t\t\t\t<div class=\"elementor-widget-container\">\n\t\t\t\t\t\t\t\t\t<p class=\"translation-block\">Die Gnosis erkl\u00e4rt, dass es innerhalb des Menschen enorme M\u00f6glichkeiten gibt, die entwickelt werden k\u00f6nnen, und die Aufgabe, die diese Lehre vorschl\u00e4gt, besteht darin, die Daten bereitzustellen, die zur Erreichung dieser inneren Entwicklung f\u00fchren.<br>\n<br>\n\n\u00abMensch, erkenne dich selbst und du wirst das Universum und die G\u00f6tter erkennen.\u00bb Inschrift am Tempel von Delphi (Athen).<\/p>\t\t\t\t\t\t\t\t<\/div>\n\t\t\t\t<\/div>\n\t\t\t\t<\/div>\n\t\t\t\t\t<\/div>\n\t\t\t\t<\/div>\n\t\t\t\t<\/div>","protected":false},"excerpt":{"rendered":"<p>Qu&#8217;est-ce que Gnosis? La Gnosis (du grec : connaissance) est la connaissance objective et r\u00e9elle de l&#8217;homme, de l&#8217;univers et des lois qui le r\u00e9gissent. Si l&#8217;homme se conna\u00eet profond\u00e9ment, s&#8217;il sait ce qu&#8217;est sa vie, quelles lois la r\u00e9gissent, quel est le but de son existence, alors il est capable de produire consciemment des [&hellip;]<\/p>","protected":false},"author":7,"featured_media":0,"parent":0,"menu_order":0,"comment_status":"closed","ping_status":"closed","template":"","meta":{"footnotes":""},"class_list":["post-3269","page","type-page","status-publish","hentry"],"_links":{"self":[{"href":"https:\/\/gnosissuisse.ch\/de\/wp-json\/wp\/v2\/pages\/3269","targetHints":{"allow":["GET"]}}],"collection":[{"href":"https:\/\/gnosissuisse.ch\/de\/wp-json\/wp\/v2\/pages"}],"about":[{"href":"https:\/\/gnosissuisse.ch\/de\/wp-json\/wp\/v2\/types\/page"}],"author":[{"embeddable":true,"href":"https:\/\/gnosissuisse.ch\/de\/wp-json\/wp\/v2\/users\/7"}],"replies":[{"embeddable":true,"href":"https:\/\/gnosissuisse.ch\/de\/wp-json\/wp\/v2\/comments?post=3269"}],"version-history":[{"count":218,"href":"https:\/\/gnosissuisse.ch\/de\/wp-json\/wp\/v2\/pages\/3269\/revisions"}],"predecessor-version":[{"id":5706,"href":"https:\/\/gnosissuisse.ch\/de\/wp-json\/wp\/v2\/pages\/3269\/revisions\/5706"}],"wp:attachment":[{"href":"https:\/\/gnosissuisse.ch\/de\/wp-json\/wp\/v2\/media?parent=3269"}],"curies":[{"name":"wp","href":"https:\/\/api.w.org\/{rel}","templated":true}]}}